{"id":9675,"date":"2025-08-16T10:27:29","date_gmt":"2025-08-16T10:27:29","guid":{"rendered":"https:\/\/darkslategray-wombat-436701.hostingersite.com\/?post_type=product&#038;p=9675"},"modified":"2025-08-16T10:27:30","modified_gmt":"2025-08-16T10:27:30","slug":"tapeta-rrobe-range-rover","status":"publish","type":"product","link":"https:\/\/autoaksesore.al\/product\/tapeta-rrobe-range-rover\/","title":{"rendered":"Tapeta rrobe Range Rover"},"content":{"rendered":"<p data-start=\"0\" data-end=\"69\"><strong data-start=\"0\" data-end=\"67\">Tapeta Rrobe me porosi p\u00ebr \u00e7do model Range Rover<\/strong><\/p>\n<p data-start=\"71\" data-end=\"362\">Shtoni komoditet dhe mbrojtje n\u00eb brend\u00ebsin\u00eb e Range tuaj me k\u00ebto <strong data-start=\"147\" data-end=\"172\">tapeta rrobe cil\u00ebsore<\/strong>, t\u00eb dizajnuara posa\u00e7\u00ebrisht p\u00ebr \u00e7do vit prodhimi Tapetat prodhohen <strong data-start=\"255\" data-end=\"268\">me porosi<\/strong>, duke ofruar p\u00ebrshtatje perfekte dhe nj\u00eb pamje elegante q\u00eb i shkon fiks modelit t\u00eb makin\u00ebs.<\/p>\n<p data-start=\"364\" data-end=\"604\">Materiali i plot\u00eb prej <strong data-start=\"387\" data-end=\"407\">rrobe rezistente<\/strong> siguron jet\u00ebgjat\u00ebsi dhe nuk d\u00ebmtohet apo rripet me kalimin e koh\u00ebs. Sip\u00ebrfaqja e q\u00ebndrueshme \u00ebsht\u00eb e leht\u00eb p\u00ebr t\u2019u pastruar dhe ruan ngjyr\u00ebn dhe form\u00ebn origjinale edhe pas p\u00ebrdorimit t\u00eb zgjatur.<\/p>\n<p data-start=\"606\" data-end=\"770\">Tapetat vijn\u00eb si <strong data-start=\"623\" data-end=\"648\">set i plot\u00eb <\/strong>, duke mbuluar n\u00eb m\u00ebnyr\u00eb t\u00eb plot\u00eb pjes\u00ebn e shoferit, pasagjerit dhe pjes\u00ebn e pasme, p\u00ebr mbrojtje dhe higjien\u00eb maksimale.<\/p>\n<p data-start=\"903\" data-end=\"1012\" data-is-last-node=\"\" data-is-only-node=\"\">Nj\u00eb zgjidhje praktike dhe estetike p\u00ebr ta mbajtur makin\u00ebn tuaj gjithmon\u00eb t\u00eb past\u00ebr dhe n\u00eb gjendje perfekte.<\/p>\n","protected":false},"excerpt":{"rendered":"<p>Tapeta Rrobe me porosi p\u00ebr \u00e7do model Range Rover Shtoni komoditet dhe mbrojtje n\u00eb brend\u00ebsin\u00eb e Range tuaj me k\u00ebto tapeta rrobe cil\u00ebsore, t\u00eb dizajnuara posa\u00e7\u00ebrisht p\u00ebr \u00e7do vit prodhimi Tapetat prodhohen me porosi, duke ofruar p\u00ebrshtatje perfekte dhe nj\u00eb pamje elegante q\u00eb i shkon fiks modelit t\u00eb makin\u00ebs. Materiali i plot\u00eb prej rrobe rezistente&hellip;<\/p>\n","protected":false},"featured_media":9676,"comment_status":"open","ping_status":"closed","template":"","meta":{"_acf_changed":false},"collection":[516],"model":[2110,2395,2397,2396,4045],"series":[2119,2111,2115,3934],"product_cat":[206,270,271],"product_tag":[],"class_list":{"0":"post-9675","1":"product","2":"type-product","3":"status-publish","4":"has-post-thumbnail","6":"collection-aksesore-te-brendshem-per-makine","7":"model-range-rover-autobiography","8":"model-range-rover-evoque","9":"model-range-rover-sport","10":"model-range-rover-velar","11":"model-range-rover-vogue","12":"series-range-rover-evoque","13":"series-range-rover-sport","14":"series-range-rover-velar","15":"series-range-rover-vogue","16":"product_cat-interior-aksesore-te-brendshem","17":"product_cat-tapeta","18":"product_cat-tapeta-cope","19":"product_brand-aksesor-makinash-per-land-rover","21":"first","22":"instock","23":"shipping-taxable","24":"purchasable","25":"product-type-simple","26":"col-xs-6 col-sm-4","27":"col-md-3 col-lg-3","28":"un-4-cols"},"acf":[],"jetpack_sharing_enabled":true,"_links":{"self":[{"href":"https:\/\/autoaksesore.al\/wp-json\/wp\/v2\/product\/9675","targetHints":{"allow":["GET"]}}],"collection":[{"href":"https:\/\/autoaksesore.al\/wp-json\/wp\/v2\/product"}],"about":[{"href":"https:\/\/autoaksesore.al\/wp-json\/wp\/v2\/types\/product"}],"replies":[{"embeddable":true,"href":"https:\/\/autoaksesore.al\/wp-json\/wp\/v2\/comments?post=9675"}],"version-history":[{"count":1,"href":"https:\/\/autoaksesore.al\/wp-json\/wp\/v2\/product\/9675\/revisions"}],"predecessor-version":[{"id":9677,"href":"https:\/\/autoaksesore.al\/wp-json\/wp\/v2\/product\/9675\/revisions\/9677"}],"wp:featuredmedia":[{"embeddable":true,"href":"https:\/\/autoaksesore.al\/wp-json\/wp\/v2\/media\/9676"}],"wp:attachment":[{"href":"https:\/\/autoaksesore.al\/wp-json\/wp\/v2\/media?parent=9675"}],"wp:term":[{"taxonomy":"collection","embeddable":true,"href":"https:\/\/autoaksesore.al\/wp-json\/wp\/v2\/collection?post=9675"},{"taxonomy":"model","embeddable":true,"href":"https:\/\/autoaksesore.al\/wp-json\/wp\/v2\/model?post=9675"},{"taxonomy":"series","embeddable":true,"href":"https:\/\/autoaksesore.al\/wp-json\/wp\/v2\/series?post=9675"},{"taxonomy":"product_cat","embeddable":true,"href":"https:\/\/autoaksesore.al\/wp-json\/wp\/v2\/product_cat?post=9675"},{"taxonomy":"product_tag","embeddable":true,"href":"https:\/\/autoaksesore.al\/wp-json\/wp\/v2\/product_tag?post=9675"}],"curies":[{"name":"wp","href":"https:\/\/api.w.org\/{rel}","templated":true}]}}