{"id":8428,"date":"2025-07-08T09:31:00","date_gmt":"2025-07-08T09:31:00","guid":{"rendered":"https:\/\/darkslategray-wombat-436701.hostingersite.com\/?post_type=product&#038;p=8428"},"modified":"2025-08-12T17:26:16","modified_gmt":"2025-08-12T17:26:16","slug":"maskarine-w211-full-black","status":"publish","type":"product","link":"https:\/\/autoaksesore.al\/product\/maskarine-w211-full-black\/","title":{"rendered":"Maskarine W211 full black"},"content":{"rendered":"<p>Maskarine per E class W211 full black.<\/p>\n<p><strong data-start=\"597\" data-end=\"620\">P\u00ebrshtatje perfekte<\/strong>\u00a0\u2013 Dizajnuar posa\u00e7\u00ebrisht p\u00ebr modelin tuaj t\u00eb makin\u00ebs.<br \/>\n<strong data-start=\"678\" data-end=\"716\">P\u00ebrmasa standarde<\/strong>\u2013 Standard dhe i shkon fiks makin\u00ebs<br \/>\n<strong data-start=\"795\" data-end=\"815\">Vendoset leht\u00eb<\/strong>\u00a0\u2013 Mund t\u00eb vendosen shpejt dhe pa v\u00ebshtir\u00ebsi.<br \/>\n<strong>Jet\u00ebgjat\u00eb<\/strong>\u00a0\u2013 material tep\u00ebr cil\u00ebsor dhe jet\u00ebgjat\u00eb<\/p>\n<p><strong>Montimi:<\/strong><br \/>\nRekomandohet bojaxhi\/servise<\/p>\n<p><strong>Shitja:<\/strong><br \/>\nShitja dhe \u00e7mimi \u00ebsht\u00eb p\u00ebr cop\u00eb<\/p>\n","protected":false},"excerpt":{"rendered":"<p>Maskarine per E class W211 full black. P\u00ebrshtatje perfekte\u00a0\u2013 Dizajnuar posa\u00e7\u00ebrisht p\u00ebr modelin tuaj t\u00eb makin\u00ebs. P\u00ebrmasa standarde\u2013 Standard dhe i shkon fiks makin\u00ebs Vendoset leht\u00eb\u00a0\u2013 Mund t\u00eb vendosen shpejt dhe pa v\u00ebshtir\u00ebsi. Jet\u00ebgjat\u00eb\u00a0\u2013 material tep\u00ebr cil\u00ebsor dhe jet\u00ebgjat\u00eb Montimi: Rekomandohet bojaxhi\/servise Shitja: Shitja dhe \u00e7mimi \u00ebsht\u00eb p\u00ebr cop\u00eb<\/p>\n","protected":false},"featured_media":8430,"comment_status":"open","ping_status":"closed","template":"","meta":{"_acf_changed":false},"collection":[517],"model":[2017,2018],"series":[2016],"product_cat":[203,224,357],"product_tag":[],"class_list":{"0":"post-8428","1":"product","2":"type-product","3":"status-publish","4":"has-post-thumbnail","6":"collection-aksesore-te-jashtem","7":"model-e200-w211","8":"model-e220-w211","9":"series-e-class","10":"product_cat-exterior-aksesor-te-jashtem","11":"product_cat-furnizim-i-ri","12":"product_cat-maskarina","13":"product_brand-aksesore-makinash-mercedes-benz","15":"first","16":"instock","17":"sale","18":"shipping-taxable","19":"purchasable","20":"product-type-simple","21":"col-xs-6 col-sm-4","22":"col-md-3 col-lg-3","23":"un-4-cols"},"acf":[],"jetpack_sharing_enabled":true,"_links":{"self":[{"href":"https:\/\/autoaksesore.al\/wp-json\/wp\/v2\/product\/8428","targetHints":{"allow":["GET"]}}],"collection":[{"href":"https:\/\/autoaksesore.al\/wp-json\/wp\/v2\/product"}],"about":[{"href":"https:\/\/autoaksesore.al\/wp-json\/wp\/v2\/types\/product"}],"replies":[{"embeddable":true,"href":"https:\/\/autoaksesore.al\/wp-json\/wp\/v2\/comments?post=8428"}],"version-history":[{"count":1,"href":"https:\/\/autoaksesore.al\/wp-json\/wp\/v2\/product\/8428\/revisions"}],"predecessor-version":[{"id":8431,"href":"https:\/\/autoaksesore.al\/wp-json\/wp\/v2\/product\/8428\/revisions\/8431"}],"wp:featuredmedia":[{"embeddable":true,"href":"https:\/\/autoaksesore.al\/wp-json\/wp\/v2\/media\/8430"}],"wp:attachment":[{"href":"https:\/\/autoaksesore.al\/wp-json\/wp\/v2\/media?parent=8428"}],"wp:term":[{"taxonomy":"collection","embeddable":true,"href":"https:\/\/autoaksesore.al\/wp-json\/wp\/v2\/collection?post=8428"},{"taxonomy":"model","embeddable":true,"href":"https:\/\/autoaksesore.al\/wp-json\/wp\/v2\/model?post=8428"},{"taxonomy":"series","embeddable":true,"href":"https:\/\/autoaksesore.al\/wp-json\/wp\/v2\/series?post=8428"},{"taxonomy":"product_cat","embeddable":true,"href":"https:\/\/autoaksesore.al\/wp-json\/wp\/v2\/product_cat?post=8428"},{"taxonomy":"product_tag","embeddable":true,"href":"https:\/\/autoaksesore.al\/wp-json\/wp\/v2\/product_tag?post=8428"}],"curies":[{"name":"wp","href":"https:\/\/api.w.org\/{rel}","templated":true}]}}