{"id":8380,"date":"2025-07-05T13:43:13","date_gmt":"2025-07-05T13:43:13","guid":{"rendered":"https:\/\/darkslategray-wombat-436701.hostingersite.com\/?post_type=product&#038;p=8380"},"modified":"2025-08-12T17:26:16","modified_gmt":"2025-08-12T17:26:16","slug":"bisht-bagazhi-cls-w218","status":"publish","type":"product","link":"https:\/\/autoaksesore.al\/product\/bisht-bagazhi-cls-w218\/","title":{"rendered":"Bisht bagazhi CLS W218"},"content":{"rendered":"<p>Bisht bagazhi p\u00ebr Mercedes-Benz CLS W218 2012-2017. Bishti \u00ebsht\u00eb origjinal dhe ngjyra e zez\u00eb fabrike.<\/p>\n<p><strong data-start=\"597\" data-end=\"620\">P\u00ebrshtatje perfekte<\/strong>\u00a0\u2013 Dizajnuar posa\u00e7\u00ebrisht p\u00ebr modelin tuaj t\u00eb makin\u00ebs.<br \/>\n<strong data-start=\"678\" data-end=\"716\">P\u00ebrmasa standarde<\/strong>\u2013 Standard dhe i shkon fiks makin\u00ebs<br \/>\n<strong data-start=\"795\" data-end=\"815\">Vendoset leht\u00eb<\/strong>\u00a0\u2013 Mund t\u00eb vendosen shpejt dhe pa v\u00ebshtir\u00ebsi.<br \/>\n<strong>Jet\u00ebgjat\u00eb<\/strong>\u00a0\u2013 material tep\u00ebr cil\u00ebsor dhe jet\u00ebgjat\u00eb<\/p>\n<p><strong>Montimi:<\/strong><br \/>\nMund ta ngjisni vet me silikon ose rekomandohet bojaxhi<\/p>\n<p><strong>Shitja:<\/strong><br \/>\nShitja dhe \u00e7mimi \u00ebsht\u00eb p\u00ebr cop\u00eb<\/p>\n","protected":false},"excerpt":{"rendered":"<p>Bisht bagazhi p\u00ebr Mercedes-Benz CLS W218 2012-2017. Bishti \u00ebsht\u00eb origjinal dhe ngjyra e zez\u00eb fabrike. P\u00ebrshtatje perfekte\u00a0\u2013 Dizajnuar posa\u00e7\u00ebrisht p\u00ebr modelin tuaj t\u00eb makin\u00ebs. P\u00ebrmasa standarde\u2013 Standard dhe i shkon fiks makin\u00ebs Vendoset leht\u00eb\u00a0\u2013 Mund t\u00eb vendosen shpejt dhe pa v\u00ebshtir\u00ebsi. Jet\u00ebgjat\u00eb\u00a0\u2013 material tep\u00ebr cil\u00ebsor dhe jet\u00ebgjat\u00eb Montimi: Mund ta ngjisni vet me silikon ose&hellip;<\/p>\n","protected":false},"featured_media":8381,"comment_status":"open","ping_status":"closed","template":"","meta":{"_acf_changed":false},"collection":[517],"model":[4014],"series":[3872],"product_cat":[203,408,407],"product_tag":[4015],"class_list":{"0":"post-8380","1":"product","2":"type-product","3":"status-publish","4":"has-post-thumbnail","6":"collection-aksesore-te-jashtem","7":"model-w218","8":"series-cls","9":"product_cat-exterior-aksesor-te-jashtem","10":"product_cat-bisht-bagazhi-per-makine","11":"product_cat-bishta-per-makine","12":"product_tag-bisht-bagazhi-cls","13":"product_brand-aksesore-makinash-mercedes-benz","15":"first","16":"instock","17":"shipping-taxable","18":"purchasable","19":"product-type-simple","20":"col-xs-6 col-sm-4","21":"col-md-3 col-lg-3","22":"un-4-cols"},"acf":[],"jetpack_sharing_enabled":true,"_links":{"self":[{"href":"https:\/\/autoaksesore.al\/wp-json\/wp\/v2\/product\/8380","targetHints":{"allow":["GET"]}}],"collection":[{"href":"https:\/\/autoaksesore.al\/wp-json\/wp\/v2\/product"}],"about":[{"href":"https:\/\/autoaksesore.al\/wp-json\/wp\/v2\/types\/product"}],"replies":[{"embeddable":true,"href":"https:\/\/autoaksesore.al\/wp-json\/wp\/v2\/comments?post=8380"}],"version-history":[{"count":1,"href":"https:\/\/autoaksesore.al\/wp-json\/wp\/v2\/product\/8380\/revisions"}],"predecessor-version":[{"id":8383,"href":"https:\/\/autoaksesore.al\/wp-json\/wp\/v2\/product\/8380\/revisions\/8383"}],"wp:featuredmedia":[{"embeddable":true,"href":"https:\/\/autoaksesore.al\/wp-json\/wp\/v2\/media\/8381"}],"wp:attachment":[{"href":"https:\/\/autoaksesore.al\/wp-json\/wp\/v2\/media?parent=8380"}],"wp:term":[{"taxonomy":"collection","embeddable":true,"href":"https:\/\/autoaksesore.al\/wp-json\/wp\/v2\/collection?post=8380"},{"taxonomy":"model","embeddable":true,"href":"https:\/\/autoaksesore.al\/wp-json\/wp\/v2\/model?post=8380"},{"taxonomy":"series","embeddable":true,"href":"https:\/\/autoaksesore.al\/wp-json\/wp\/v2\/series?post=8380"},{"taxonomy":"product_cat","embeddable":true,"href":"https:\/\/autoaksesore.al\/wp-json\/wp\/v2\/product_cat?post=8380"},{"taxonomy":"product_tag","embeddable":true,"href":"https:\/\/autoaksesore.al\/wp-json\/wp\/v2\/product_tag?post=8380"}],"curies":[{"name":"wp","href":"https:\/\/api.w.org\/{rel}","templated":true}]}}