{"id":8158,"date":"2025-06-23T14:36:59","date_gmt":"2025-06-23T14:36:59","guid":{"rendered":"https:\/\/darkslategray-wombat-436701.hostingersite.com\/?post_type=product&#038;p=8158"},"modified":"2026-02-25T12:30:37","modified_gmt":"2026-02-25T12:30:37","slug":"mbulese-makine","status":"publish","type":"product","link":"https:\/\/autoaksesore.al\/product\/mbulese-makine\/","title":{"rendered":"Mbules\u00eb makine Smart, Fiat, Toyota"},"content":{"rendered":"<p>Mbulese makine Guard 4 per modelet e makinave: CITROEN C1, FIAT 500cc, Panda, Punto, FORD Ka, HONDA City, KIA Picanto, MAZDA Carol, MINI Cabrio, NISSAN March, PEUGEOT 106, 205, RENAULT Twingo, SKODA Citigo, SMART, TOYOTA Ago, VW Golf 1, Lupo<\/p>\n<p><strong data-start=\"597\" data-end=\"620\">P\u00ebrshtatje perfekte<\/strong> \u2013 Mbulesa i rri makines sipas formes se vet<br \/>\n<strong data-start=\"678\" data-end=\"716\">P\u00ebrmasa standarde<\/strong>\u2013 Permasat e mbuleses jane 3.70m x 1.58m x 1.43m<br \/>\n<strong data-start=\"795\" data-end=\"815\">Vendoset leht\u00eb<\/strong> \u2013 Mund t\u00eb vendosen shpejt dhe pa v\u00ebshtir\u00ebsi, gjithashtu dhe mblidhet shpejt<br \/>\n<strong>Jet\u00ebgjat\u00eb<\/strong> \u2013 Material tep\u00ebr cil\u00ebsor dhe jet\u00ebgjat\u00eb. Mbron makinen ne te 4 stinet. Eshte kunder ujit, ngrices, lageshtires, bores, diellit dhe pluhurit. Pjesa brenda eshte me push per mos gervishtjen e makines gjate hapjes si dhe per thithjen e lageshtires gjate kondesimit te ajerit. Fundi eshte me llastike, cka ben qe mbulesa te rri e tendosur ne makine dhe mos kete mundesi levizje gjate erarave. Gjithashtu nese makina qendron e parkuar gjate, ofron mundesine e kapjes me litar pasi ka vende te posacme.<\/p>\n<p><strong>Montimi:<\/strong><br \/>\nRekomandohet servis<\/p>\n<p><strong>Shitja:<\/strong><br \/>\nShitja dhe \u00e7mimi \u00ebsht\u00eb p\u00ebr sasin\u00eb cop\u00eb<\/p>\n","protected":false},"excerpt":{"rendered":"<p>Mbulese makine Guard 4 per modelet e makinave: CITROEN C1, FIAT 500cc, Panda, Punto, FORD Ka, HONDA City, KIA Picanto, MAZDA Carol, MINI Cabrio, NISSAN March, PEUGEOT 106, 205, RENAULT Twingo, SKODA Citigo, SMART, TOYOTA Ago, VW Golf 1, Lupo P\u00ebrshtatje perfekte \u2013 Mbulesa i rri makines sipas formes se vet P\u00ebrmasa standarde\u2013 Permasat e&hellip;<\/p>\n","protected":false},"featured_media":8160,"comment_status":"open","ping_status":"closed","template":"","meta":{"_acf_changed":false},"collection":[517,3738],"model":[],"series":[],"product_cat":[203,3784,376],"product_tag":[377],"class_list":{"0":"post-8158","1":"product","2":"type-product","3":"status-publish","4":"has-post-thumbnail","6":"collection-aksesore-te-jashtem","7":"collection-aksesore-universale","8":"product_cat-exterior-aksesor-te-jashtem","9":"product_cat-aksesore-universal","10":"product_cat-mbulesa-makine","11":"product_tag-mbulese-makine","12":"product_brand-aksesor-makinash-per-citroen","13":"product_brand-aksesor-makinash-fiat","14":"product_brand-aksesor-makinash-ford","15":"product_brand-aksesor-makinash-hyundai","16":"product_brand-aksesor-makinash-per-mini-cooper","17":"product_brand-aksesor-makinash-per-nissan","18":"product_brand-aksesor-makinash-per-peugeot","19":"product_brand-aksesor-makinash-per-skoda","20":"product_brand-aksesor-makinash-per-smart","21":"product_brand-aksesor-makinash-per-toyota","22":"product_brand-aksesor-makinash-per-volkswagen","24":"first","25":"instock","26":"shipping-taxable","27":"purchasable","28":"product-type-simple","29":"col-xs-6 col-sm-4","30":"col-md-3 col-lg-3","31":"un-4-cols"},"acf":[],"jetpack_sharing_enabled":true,"_links":{"self":[{"href":"https:\/\/autoaksesore.al\/wp-json\/wp\/v2\/product\/8158","targetHints":{"allow":["GET"]}}],"collection":[{"href":"https:\/\/autoaksesore.al\/wp-json\/wp\/v2\/product"}],"about":[{"href":"https:\/\/autoaksesore.al\/wp-json\/wp\/v2\/types\/product"}],"replies":[{"embeddable":true,"href":"https:\/\/autoaksesore.al\/wp-json\/wp\/v2\/comments?post=8158"}],"version-history":[{"count":3,"href":"https:\/\/autoaksesore.al\/wp-json\/wp\/v2\/product\/8158\/revisions"}],"predecessor-version":[{"id":8167,"href":"https:\/\/autoaksesore.al\/wp-json\/wp\/v2\/product\/8158\/revisions\/8167"}],"wp:featuredmedia":[{"embeddable":true,"href":"https:\/\/autoaksesore.al\/wp-json\/wp\/v2\/media\/8160"}],"wp:attachment":[{"href":"https:\/\/autoaksesore.al\/wp-json\/wp\/v2\/media?parent=8158"}],"wp:term":[{"taxonomy":"collection","embeddable":true,"href":"https:\/\/autoaksesore.al\/wp-json\/wp\/v2\/collection?post=8158"},{"taxonomy":"model","embeddable":true,"href":"https:\/\/autoaksesore.al\/wp-json\/wp\/v2\/model?post=8158"},{"taxonomy":"series","embeddable":true,"href":"https:\/\/autoaksesore.al\/wp-json\/wp\/v2\/series?post=8158"},{"taxonomy":"product_cat","embeddable":true,"href":"https:\/\/autoaksesore.al\/wp-json\/wp\/v2\/product_cat?post=8158"},{"taxonomy":"product_tag","embeddable":true,"href":"https:\/\/autoaksesore.al\/wp-json\/wp\/v2\/product_tag?post=8158"}],"curies":[{"name":"wp","href":"https:\/\/api.w.org\/{rel}","templated":true}]}}