{"id":7178,"date":"2025-02-15T11:34:47","date_gmt":"2025-02-15T11:34:47","guid":{"rendered":"https:\/\/darkslategray-wombat-436701.hostingersite.com\/?post_type=product&#038;p=7178"},"modified":"2025-09-22T16:26:08","modified_gmt":"2025-09-22T16:26:08","slug":"mbulese-makine-per-s-class","status":"publish","type":"product","link":"https:\/\/autoaksesore.al\/product\/mbulese-makine-per-s-class\/","title":{"rendered":"Mbules\u00eb makine p\u00ebr S Class"},"content":{"rendered":"<p>Mbules\u00eb makine p\u00ebr Mercedes-Benz S Class W221, W222 dhe W223. Mbulesa \u00ebsht\u00eb p\u00ebr 4 stin\u00ebt, kund\u00ebr ujit, ngric\u00ebs, diellit, lag\u00ebshtir\u00ebs, pluhurit si dhe me push nga brenda.<\/p>\n<ul>\n<li data-start=\"595\" data-end=\"675\"><strong data-start=\"597\" data-end=\"620\">P\u00ebrshtatje perfekte<\/strong>\u00a0\u2013 Dizajnuar posa\u00e7\u00ebrisht p\u00ebr modelin tuaj t\u00eb makin\u00ebs.<\/li>\n<li data-start=\"676\" data-end=\"792\"><strong data-start=\"678\" data-end=\"716\">P\u00ebrmasa standarde<\/strong>\u2013 Standard dhe i shkon fiks modelit<\/li>\n<li data-start=\"793\" data-end=\"862\"><strong data-start=\"795\" data-end=\"815\">Vendoset leht\u00eb<\/strong>\u00a0\u2013 Mund t\u00eb vendosen shpejt dhe pa v\u00ebshtir\u00ebsi.<\/li>\n<li data-start=\"793\" data-end=\"862\"><strong>Jet\u00ebgjat\u00eb<\/strong>\u00a0\u2013 material tep\u00ebr cil\u00ebsor dhe jet\u00ebgjat\u00eb<\/li>\n<\/ul>\n<p><strong>Montimi:<\/strong><br \/>\nMund ta realizoni vet<\/p>\n<p><strong>Shitja:<\/strong><br \/>\nShitja b\u00ebhet me cop\u00eb<\/p>\n","protected":false},"excerpt":{"rendered":"<p>Mbules\u00eb makine p\u00ebr Mercedes-Benz S Class W221, W222 dhe W223. Mbulesa \u00ebsht\u00eb p\u00ebr 4 stin\u00ebt, kund\u00ebr ujit, ngric\u00ebs, diellit, lag\u00ebshtir\u00ebs, pluhurit si dhe me push nga brenda.<\/p>\n<ul>\n<li data-start=\"595\" data-end=\"675\"><strong data-start=\"597\" data-end=\"620\">P\u00ebrshtatje perfekte<\/strong>\u00a0\u2013 Dizajnuar posa\u00e7\u00ebrisht p\u00ebr modelin tuaj t\u00eb makin\u00ebs.<\/li>\n<li data-start=\"676\" data-end=\"792\"><strong data-start=\"678\" data-end=\"716\">P\u00ebrmasa standarde<\/strong>\u2013 Standard dhe i shkon fiks modelit<\/li>\n<li data-start=\"793\" data-end=\"862\"><strong data-start=\"795\" data-end=\"815\">Vendoset leht\u00eb<\/strong>\u00a0\u2013 Mund t\u00eb vendosen shpejt dhe pa v\u00ebshtir\u00ebsi.<\/li>\n<li data-start=\"793\" data-end=\"862\"><strong>Jet\u00ebgjat\u00eb<\/strong>\u00a0\u2013 material tep\u00ebr cil\u00ebsor dhe jet\u00ebgjat\u00eb<\/li>\n<\/ul>\n<p><strong>Montimi:<\/strong><br \/>\nMund ta realizoni vet<\/p>\n<p><strong>Shitja:<\/strong><br \/>\nShitja b\u00ebhet me cop\u00eb<\/p>\n","protected":false},"featured_media":7179,"comment_status":"open","ping_status":"closed","template":"","meta":{"_acf_changed":false},"collection":[517],"model":[2195,2023,2024],"series":[2021],"product_cat":[203,376],"product_tag":[],"class_list":{"0":"post-7178","1":"product","2":"type-product","3":"status-publish","4":"has-post-thumbnail","6":"collection-aksesore-te-jashtem","7":"model-s350-bluetec-w221","8":"model-s500-w221","9":"model-s560-w222","10":"series-s-class","11":"product_cat-exterior-aksesor-te-jashtem","12":"product_cat-mbulesa-makine","13":"product_brand-aksesore-makinash-mercedes-benz","15":"first","16":"instock","17":"shipping-taxable","18":"purchasable","19":"product-type-simple","20":"col-xs-6 col-sm-4","21":"col-md-3 col-lg-3","22":"un-4-cols"},"acf":[],"jetpack_sharing_enabled":true,"_links":{"self":[{"href":"https:\/\/autoaksesore.al\/wp-json\/wp\/v2\/product\/7178","targetHints":{"allow":["GET"]}}],"collection":[{"href":"https:\/\/autoaksesore.al\/wp-json\/wp\/v2\/product"}],"about":[{"href":"https:\/\/autoaksesore.al\/wp-json\/wp\/v2\/types\/product"}],"replies":[{"embeddable":true,"href":"https:\/\/autoaksesore.al\/wp-json\/wp\/v2\/comments?post=7178"}],"version-history":[{"count":1,"href":"https:\/\/autoaksesore.al\/wp-json\/wp\/v2\/product\/7178\/revisions"}],"predecessor-version":[{"id":7180,"href":"https:\/\/autoaksesore.al\/wp-json\/wp\/v2\/product\/7178\/revisions\/7180"}],"wp:featuredmedia":[{"embeddable":true,"href":"https:\/\/autoaksesore.al\/wp-json\/wp\/v2\/media\/7179"}],"wp:attachment":[{"href":"https:\/\/autoaksesore.al\/wp-json\/wp\/v2\/media?parent=7178"}],"wp:term":[{"taxonomy":"collection","embeddable":true,"href":"https:\/\/autoaksesore.al\/wp-json\/wp\/v2\/collection?post=7178"},{"taxonomy":"model","embeddable":true,"href":"https:\/\/autoaksesore.al\/wp-json\/wp\/v2\/model?post=7178"},{"taxonomy":"series","embeddable":true,"href":"https:\/\/autoaksesore.al\/wp-json\/wp\/v2\/series?post=7178"},{"taxonomy":"product_cat","embeddable":true,"href":"https:\/\/autoaksesore.al\/wp-json\/wp\/v2\/product_cat?post=7178"},{"taxonomy":"product_tag","embeddable":true,"href":"https:\/\/autoaksesore.al\/wp-json\/wp\/v2\/product_tag?post=7178"}],"curies":[{"name":"wp","href":"https:\/\/api.w.org\/{rel}","templated":true}]}}