{"id":7173,"date":"2025-02-15T11:32:05","date_gmt":"2025-02-15T11:32:05","guid":{"rendered":"https:\/\/darkslategray-wombat-436701.hostingersite.com\/?post_type=product&#038;p=7173"},"modified":"2025-08-12T17:26:23","modified_gmt":"2025-08-12T17:26:23","slug":"mbulese-makine-per-mercedes-benz","status":"publish","type":"product","link":"https:\/\/autoaksesore.al\/product\/mbulese-makine-per-mercedes-benz\/","title":{"rendered":"Mbules\u00eb makine p\u00ebr Mercedes-Benz"},"content":{"rendered":"<p>Mbules\u00eb makine p\u00ebr Mercedes-Benz W201, W212, W203, W204, W205, W206, W207, W211, W210, W212, W213. Mbulesa \u00ebsht\u00eb p\u00ebr 4 stin\u00ebt, kund\u00ebr ujit, ngric\u00ebs, diellit, lag\u00ebshtir\u00ebs, pluhurit si dhe me push nga brenda.<\/p>\n<ul>\n<li data-start=\"595\" data-end=\"675\"><strong data-start=\"597\" data-end=\"620\">P\u00ebrshtatje perfekte<\/strong>\u00a0\u2013 Dizajnuar posa\u00e7\u00ebrisht p\u00ebr modelin tuaj t\u00eb makin\u00ebs.<\/li>\n<li data-start=\"676\" data-end=\"792\"><strong data-start=\"678\" data-end=\"716\">P\u00ebrmasa standarde<\/strong>\u2013 Standard dhe i shkon fiks modelit<\/li>\n<li data-start=\"793\" data-end=\"862\"><strong data-start=\"795\" data-end=\"815\">Vendoset leht\u00eb<\/strong>\u00a0\u2013 Mund t\u00eb vendosen shpejt dhe pa v\u00ebshtir\u00ebsi.<\/li>\n<li data-start=\"793\" data-end=\"862\"><strong>Jet\u00ebgjat\u00eb<\/strong>\u00a0\u2013 material tep\u00ebr cil\u00ebsor dhe jet\u00ebgjat\u00eb<\/li>\n<\/ul>\n<p><strong>Montimi:<\/strong><br \/>\nMund ta realizoni vet<\/p>\n<p><strong>Shitja:<\/strong><br \/>\nShitja b\u00ebhet me cop\u00eb<\/p>\n","protected":false},"excerpt":{"rendered":"<p>Mbules\u00eb makine p\u00ebr Mercedes-Benz W201, W212, W203, W204, W205, W206, W207, W211, W210, W212, W213. Mbulesa \u00ebsht\u00eb p\u00ebr 4 stin\u00ebt, kund\u00ebr ujit, ngric\u00ebs, diellit, lag\u00ebshtir\u00ebs, pluhurit si dhe me push nga brenda.<\/p>\n<ul>\n<li data-start=\"595\" data-end=\"675\"><strong data-start=\"597\" data-end=\"620\">P\u00ebrshtatje perfekte<\/strong>\u00a0\u2013 Dizajnuar posa\u00e7\u00ebrisht p\u00ebr modelin tuaj t\u00eb makin\u00ebs.<\/li>\n<li data-start=\"676\" data-end=\"792\"><strong data-start=\"678\" data-end=\"716\">P\u00ebrmasa standarde<\/strong>\u2013 Standard dhe i shkon fiks modelit<\/li>\n<li data-start=\"793\" data-end=\"862\"><strong data-start=\"795\" data-end=\"815\">Vendoset leht\u00eb<\/strong>\u00a0\u2013 Mund t\u00eb vendosen shpejt dhe pa v\u00ebshtir\u00ebsi.<\/li>\n<li data-start=\"793\" data-end=\"862\"><strong>Jet\u00ebgjat\u00eb<\/strong>\u00a0\u2013 material tep\u00ebr cil\u00ebsor dhe jet\u00ebgjat\u00eb<\/li>\n<\/ul>\n<p><strong>Montimi:<\/strong><br \/>\nMund ta realizoni vet<\/p>\n<p><strong>Shitja:<\/strong><br \/>\nShitja b\u00ebhet me cop\u00eb<\/p>\n","protected":false},"featured_media":7174,"comment_status":"open","ping_status":"closed","template":"","meta":{"_acf_changed":false},"collection":[517],"model":[2013,2014,2015,2020,2019,2181],"series":[2012,2016],"product_cat":[203,376],"product_tag":[],"class_list":{"0":"post-7173","1":"product","2":"type-product","3":"status-publish","4":"has-post-thumbnail","6":"collection-aksesore-te-jashtem","7":"model-c180-w204","8":"model-c200-w204","9":"model-c300-w205","10":"model-e300-w213","11":"model-e350-w212","12":"model-e350-coupe-w207","13":"series-c-class","14":"series-e-class","15":"product_cat-exterior-aksesor-te-jashtem","16":"product_cat-mbulesa-makine","17":"product_brand-aksesore-makinash-mercedes-benz","19":"first","20":"instock","21":"shipping-taxable","22":"purchasable","23":"product-type-simple","24":"col-xs-6 col-sm-4","25":"col-md-3 col-lg-3","26":"un-4-cols"},"acf":[],"jetpack_sharing_enabled":true,"_links":{"self":[{"href":"https:\/\/autoaksesore.al\/wp-json\/wp\/v2\/product\/7173","targetHints":{"allow":["GET"]}}],"collection":[{"href":"https:\/\/autoaksesore.al\/wp-json\/wp\/v2\/product"}],"about":[{"href":"https:\/\/autoaksesore.al\/wp-json\/wp\/v2\/types\/product"}],"replies":[{"embeddable":true,"href":"https:\/\/autoaksesore.al\/wp-json\/wp\/v2\/comments?post=7173"}],"version-history":[{"count":1,"href":"https:\/\/autoaksesore.al\/wp-json\/wp\/v2\/product\/7173\/revisions"}],"predecessor-version":[{"id":7177,"href":"https:\/\/autoaksesore.al\/wp-json\/wp\/v2\/product\/7173\/revisions\/7177"}],"wp:featuredmedia":[{"embeddable":true,"href":"https:\/\/autoaksesore.al\/wp-json\/wp\/v2\/media\/7174"}],"wp:attachment":[{"href":"https:\/\/autoaksesore.al\/wp-json\/wp\/v2\/media?parent=7173"}],"wp:term":[{"taxonomy":"collection","embeddable":true,"href":"https:\/\/autoaksesore.al\/wp-json\/wp\/v2\/collection?post=7173"},{"taxonomy":"model","embeddable":true,"href":"https:\/\/autoaksesore.al\/wp-json\/wp\/v2\/model?post=7173"},{"taxonomy":"series","embeddable":true,"href":"https:\/\/autoaksesore.al\/wp-json\/wp\/v2\/series?post=7173"},{"taxonomy":"product_cat","embeddable":true,"href":"https:\/\/autoaksesore.al\/wp-json\/wp\/v2\/product_cat?post=7173"},{"taxonomy":"product_tag","embeddable":true,"href":"https:\/\/autoaksesore.al\/wp-json\/wp\/v2\/product_tag?post=7173"}],"curies":[{"name":"wp","href":"https:\/\/api.w.org\/{rel}","templated":true}]}}