{"id":7137,"date":"2025-02-15T10:56:46","date_gmt":"2025-02-15T10:56:46","guid":{"rendered":"https:\/\/darkslategray-wombat-436701.hostingersite.com\/?post_type=product&#038;p=7137"},"modified":"2026-03-01T20:48:03","modified_gmt":"2026-03-01T20:48:03","slug":"maskarine-diamond-per-gl","status":"publish","type":"product","link":"https:\/\/autoaksesore.al\/product\/maskarine-diamond-per-gl\/","title":{"rendered":"Maskarin\u00eb Diamond p\u00ebr GL"},"content":{"rendered":"<p>Maskarin\u00eb Diamond p\u00ebr GL. Maskarina ka t\u00eb p\u00ebrfshir\u00eb dhe stem\u00ebn.<\/p>\n<ul>\n<li data-start=\"595\" data-end=\"675\"><strong data-start=\"597\" data-end=\"620\">P\u00ebrshtatje perfekte<\/strong>\u00a0\u2013 Dizajnuar posa\u00e7\u00ebrisht p\u00ebr modelin tuaj t\u00eb makin\u00ebs.<\/li>\n<li data-start=\"676\" data-end=\"792\"><strong data-start=\"678\" data-end=\"716\">P\u00ebrmasa standarde<\/strong>\u2013 Standard dhe i shkon fiks makin\u00ebs<\/li>\n<li data-start=\"793\" data-end=\"862\"><strong data-start=\"795\" data-end=\"815\">Vendoset leht\u00eb<\/strong>\u00a0\u2013 Mund t\u00eb vendosen shpejt dhe pa v\u00ebshtir\u00ebsi.<\/li>\n<li data-start=\"793\" data-end=\"862\"><strong>Jet\u00ebgjat\u00eb<\/strong> \u2013 material tep\u00ebr cil\u00ebsor dhe nuk ndryshon ngjyr\u00eb me kalimin e koh\u00ebs<\/li>\n<\/ul>\n<p><strong>Montimi:<\/strong><br \/>\nRekomandohet servis<\/p>\n<p><strong>Shitja:<\/strong><br \/>\nShitja b\u00ebhet me cop\u00eb<\/p>\n","protected":false},"excerpt":{"rendered":"<p>Maskarin\u00eb Diamond p\u00ebr GL. Maskarina ka t\u00eb p\u00ebrfshir\u00eb dhe stem\u00ebn.<\/p>\n<ul>\n<li data-start=\"595\" data-end=\"675\"><strong data-start=\"597\" data-end=\"620\">P\u00ebrshtatje perfekte<\/strong>\u00a0\u2013 Dizajnuar posa\u00e7\u00ebrisht p\u00ebr modelin tuaj t\u00eb makin\u00ebs.<\/li>\n<li data-start=\"676\" data-end=\"792\"><strong data-start=\"678\" data-end=\"716\">P\u00ebrmasa standarde<\/strong>\u2013 Standard dhe i shkon fiks makin\u00ebs<\/li>\n<li data-start=\"793\" data-end=\"862\"><strong data-start=\"795\" data-end=\"815\">Vendoset leht\u00eb<\/strong>\u00a0\u2013 Mund t\u00eb vendosen shpejt dhe pa v\u00ebshtir\u00ebsi.<\/li>\n<li data-start=\"793\" data-end=\"862\"><strong>Jet\u00ebgjat\u00eb<\/strong> \u2013 material tep\u00ebr cil\u00ebsor dhe nuk ndryshon ngjyr\u00eb me kalimin e koh\u00ebs<\/li>\n<\/ul>\n<p><strong>Montimi:<\/strong><br \/>\nRekomandohet servis<\/p>\n<p><strong>Shitja:<\/strong><br \/>\nShitja b\u00ebhet me cop\u00eb<\/p>\n","protected":false},"featured_media":7139,"comment_status":"open","ping_status":"closed","template":"","meta":{"_acf_changed":false},"collection":[517],"model":[3865],"series":[3917],"product_cat":[203,357],"product_tag":[],"class_list":{"0":"post-7137","1":"product","2":"type-product","3":"status-publish","4":"has-post-thumbnail","6":"collection-aksesore-te-jashtem","7":"model-gl","8":"series-gl","9":"product_cat-exterior-aksesor-te-jashtem","10":"product_cat-maskarina","11":"product_brand-aksesore-makinash-mercedes-benz","13":"first","14":"instock","15":"sale","16":"shipping-taxable","17":"purchasable","18":"product-type-simple","19":"col-xs-6 col-sm-4","20":"col-md-3 col-lg-3","21":"un-4-cols"},"acf":[],"jetpack_sharing_enabled":true,"_links":{"self":[{"href":"https:\/\/autoaksesore.al\/wp-json\/wp\/v2\/product\/7137","targetHints":{"allow":["GET"]}}],"collection":[{"href":"https:\/\/autoaksesore.al\/wp-json\/wp\/v2\/product"}],"about":[{"href":"https:\/\/autoaksesore.al\/wp-json\/wp\/v2\/types\/product"}],"replies":[{"embeddable":true,"href":"https:\/\/autoaksesore.al\/wp-json\/wp\/v2\/comments?post=7137"}],"version-history":[{"count":2,"href":"https:\/\/autoaksesore.al\/wp-json\/wp\/v2\/product\/7137\/revisions"}],"predecessor-version":[{"id":7142,"href":"https:\/\/autoaksesore.al\/wp-json\/wp\/v2\/product\/7137\/revisions\/7142"}],"wp:featuredmedia":[{"embeddable":true,"href":"https:\/\/autoaksesore.al\/wp-json\/wp\/v2\/media\/7139"}],"wp:attachment":[{"href":"https:\/\/autoaksesore.al\/wp-json\/wp\/v2\/media?parent=7137"}],"wp:term":[{"taxonomy":"collection","embeddable":true,"href":"https:\/\/autoaksesore.al\/wp-json\/wp\/v2\/collection?post=7137"},{"taxonomy":"model","embeddable":true,"href":"https:\/\/autoaksesore.al\/wp-json\/wp\/v2\/model?post=7137"},{"taxonomy":"series","embeddable":true,"href":"https:\/\/autoaksesore.al\/wp-json\/wp\/v2\/series?post=7137"},{"taxonomy":"product_cat","embeddable":true,"href":"https:\/\/autoaksesore.al\/wp-json\/wp\/v2\/product_cat?post=7137"},{"taxonomy":"product_tag","embeddable":true,"href":"https:\/\/autoaksesore.al\/wp-json\/wp\/v2\/product_tag?post=7137"}],"curies":[{"name":"wp","href":"https:\/\/api.w.org\/{rel}","templated":true}]}}