{"id":6450,"date":"2025-02-07T17:00:24","date_gmt":"2025-02-07T17:00:24","guid":{"rendered":"https:\/\/darkslategray-wombat-436701.hostingersite.com\/?post_type=product&#038;p=6450"},"modified":"2025-08-12T17:26:26","modified_gmt":"2025-08-12T17:26:26","slug":"spoiler-parakolpi-universal","status":"publish","type":"product","link":"https:\/\/autoaksesore.al\/product\/spoiler-parakolpi-universal\/","title":{"rendered":"Spoiler parakolpi universal"},"content":{"rendered":"<p>Spoiler parakolpi universal p\u00ebr modele t\u00eb ndryshme makinash. Leht\u00ebsisht i montush\u00ebm dhe i jep tjet\u00ebr look makin\u00ebs tuaj.<\/p>\n","protected":false},"excerpt":{"rendered":"<p>Spoiler parakolpi universal p\u00ebr modele t\u00eb ndryshme makinash. Leht\u00ebsisht i montush\u00ebm dhe i jep tjet\u00ebr look makin\u00ebs tuaj.<\/p>\n","protected":false},"featured_media":6479,"comment_status":"open","ping_status":"closed","template":"","meta":{"_acf_changed":false},"collection":[516],"model":[],"series":[],"product_cat":[203,3784,245],"product_tag":[],"class_list":{"0":"post-6450","1":"product","2":"type-product","3":"status-publish","4":"has-post-thumbnail","6":"collection-aksesore-te-brendshem-per-makine","7":"product_cat-exterior-aksesor-te-jashtem","8":"product_cat-aksesore-universal","9":"product_cat-te-gjithe-aksesoret","10":"product_brand-aksesor-makinash-per-alfa-romeo","11":"product_brand-aksesor-makinash-per-audi","12":"product_brand-aksesor-makinash-per-bmw","13":"product_brand-aksesor-makinash-fiat","14":"product_brand-aksesor-makinash-ford","15":"product_brand-aksesor-makinash-honda","16":"product_brand-aksesor-makinash-hyundai","17":"product_brand-aksesor-makinash-per-jeep","18":"product_brand-aksesore-makinash-mercedes-benz","19":"product_brand-aksesor-makinash-per-nissan","20":"product_brand-aksesor-makinash-per-opel","21":"product_brand-aksesor-makinash-per-peugeot","22":"product_brand-aksesor-makinash-per-porsche","23":"product_brand-aksesor-makinash-per-seat","24":"product_brand-aksesor-makinash-per-smart","25":"product_brand-aksesor-makinash-per-suzuki","26":"product_brand-aksesor-makinash-per-toyota","27":"product_brand-aksesor-makinash-per-volkswagen","28":"product_brand-aksesor-makinash-per-volvo","30":"first","31":"instock","32":"shipping-taxable","33":"purchasable","34":"product-type-simple","35":"col-xs-6 col-sm-4","36":"col-md-3 col-lg-3","37":"un-4-cols"},"acf":[],"jetpack_sharing_enabled":true,"_links":{"self":[{"href":"https:\/\/autoaksesore.al\/wp-json\/wp\/v2\/product\/6450","targetHints":{"allow":["GET"]}}],"collection":[{"href":"https:\/\/autoaksesore.al\/wp-json\/wp\/v2\/product"}],"about":[{"href":"https:\/\/autoaksesore.al\/wp-json\/wp\/v2\/types\/product"}],"replies":[{"embeddable":true,"href":"https:\/\/autoaksesore.al\/wp-json\/wp\/v2\/comments?post=6450"}],"version-history":[{"count":3,"href":"https:\/\/autoaksesore.al\/wp-json\/wp\/v2\/product\/6450\/revisions"}],"predecessor-version":[{"id":6454,"href":"https:\/\/autoaksesore.al\/wp-json\/wp\/v2\/product\/6450\/revisions\/6454"}],"wp:featuredmedia":[{"embeddable":true,"href":"https:\/\/autoaksesore.al\/wp-json\/wp\/v2\/media\/6479"}],"wp:attachment":[{"href":"https:\/\/autoaksesore.al\/wp-json\/wp\/v2\/media?parent=6450"}],"wp:term":[{"taxonomy":"collection","embeddable":true,"href":"https:\/\/autoaksesore.al\/wp-json\/wp\/v2\/collection?post=6450"},{"taxonomy":"model","embeddable":true,"href":"https:\/\/autoaksesore.al\/wp-json\/wp\/v2\/model?post=6450"},{"taxonomy":"series","embeddable":true,"href":"https:\/\/autoaksesore.al\/wp-json\/wp\/v2\/series?post=6450"},{"taxonomy":"product_cat","embeddable":true,"href":"https:\/\/autoaksesore.al\/wp-json\/wp\/v2\/product_cat?post=6450"},{"taxonomy":"product_tag","embeddable":true,"href":"https:\/\/autoaksesore.al\/wp-json\/wp\/v2\/product_tag?post=6450"}],"curies":[{"name":"wp","href":"https:\/\/api.w.org\/{rel}","templated":true}]}}