{"id":4841,"date":"2025-01-18T01:42:29","date_gmt":"2025-01-18T01:42:29","guid":{"rendered":"https:\/\/darkslategray-wombat-436701.hostingersite.com\/?post_type=product&#038;p=4841"},"modified":"2025-09-13T18:24:39","modified_gmt":"2025-09-13T18:24:39","slug":"butona-xhami-per-e-class-w211-evo","status":"publish","type":"product","link":"https:\/\/autoaksesore.al\/product\/butona-xhami-per-e-class-w211-evo\/","title":{"rendered":"Butona xhami  E class W211\/EVO"},"content":{"rendered":"<p data-start=\"92\" data-end=\"159\"><strong data-start=\"92\" data-end=\"157\">Butona Xhami p\u00ebr Mercedes-Benz E Class W211 \/ EVO \u2013 Cil\u00ebsi dhe P\u00ebrshtatshm\u00ebri e Garantuar<\/strong><\/p>\n<p data-start=\"161\" data-end=\"452\">Z\u00ebvend\u00ebsoni butonat e konsumuar t\u00eb xhamave me <strong data-start=\"92\" data-end=\"157\">Mercedes-Benz E Class W211 \/ EVO<\/strong>, t\u00eb cil\u00ebt jan\u00eb dizajnuar p\u00ebr t\u00eb ofruar funksionalitet t\u00eb sakt\u00eb dhe p\u00ebrdorim afatgjat\u00eb. Produkti \u00ebsht\u00eb i nd\u00ebrtuar nga materiale <strong data-start=\"360\" data-end=\"380\">shum\u00eb rezistente<\/strong>, q\u00eb garantojn\u00eb jet\u00ebgjat\u00ebsi dhe nj\u00eb ndjesi origjinale n\u00eb \u00e7do p\u00ebrdorim.<\/p>\n<p data-start=\"454\" data-end=\"726\">K\u00ebta butona jan\u00eb t\u00eb <strong data-start=\"474\" data-end=\"518\">p\u00ebrshtatsh\u00ebm p\u00ebr Mercedes-Benz E Class W211 \/ EVO<\/strong>, duke u integruar leht\u00ebsisht n\u00eb panelin origjinal t\u00eb makin\u00ebs pa nevoj\u00eb p\u00ebr modifikime. Instalimi \u00ebsht\u00eb i shpejt\u00eb dhe i thjesht\u00eb, duke rikthyer komoditetin dhe funksionalitetin e plot\u00eb t\u00eb xhamave elektrik\u00eb.<\/p>\n<p data-start=\"728\" data-end=\"883\">Me nj\u00eb dizajn elegant dhe ergonomik, ata p\u00ebrputhen vizualisht me ambientin e brendsh\u00ebm t\u00eb makin\u00ebs, duke ruajtur stilin luksoz dhe origjinalitetin e Audi.<\/p>\n<p data-start=\"885\" data-end=\"1071\">Ky produkt \u00ebsht\u00eb zgjidhja ideale n\u00ebse keni probleme me <strong data-start=\"940\" data-end=\"991\">butonat ekzistues q\u00eb nuk funksionojn\u00eb si\u00e7 duhet<\/strong> ose d\u00ebshironi t\u2019i jepni makin\u00ebs suaj nj\u00eb pamje m\u00eb t\u00eb fresk\u00ebt dhe funksionale.<\/p>\n<p data-start=\"1073\" data-end=\"1227\">P\u00ebrfitoni nga <strong data-start=\"1087\" data-end=\"1110\">cil\u00ebsia e garantuar<\/strong>, <strong data-start=\"1112\" data-end=\"1153\">transporti falas n\u00eb gjith\u00eb Shqip\u00ebrin\u00eb<\/strong> dhe mund\u00ebsia e <strong data-start=\"1169\" data-end=\"1195\">ndryshimit ose kthimit<\/strong> n\u00ebse produkti nuk p\u00ebrshtatet.<\/p>\n","protected":false},"excerpt":{"rendered":"<p>Bllok q\u00ebndror i butonave t\u00eb xhamit krahu I shoferit. Cil\u00ebsor dhe jet\u00ebgjat\u00eb. Nd\u00ebrrohet n\u00eb pak minuta. Gjithashtu disponojm\u00eb dhe p\u00ebr butonat tek p\u00ebr pasagjer.<\/p>\n","protected":false},"featured_media":4912,"comment_status":"open","ping_status":"closed","template":"","meta":{"_acf_changed":false},"collection":[516],"model":[2017,2018],"series":[2016],"product_cat":[437,224,206],"product_tag":[436,329,440],"class_list":{"0":"post-4841","1":"product","2":"type-product","3":"status-publish","4":"has-post-thumbnail","6":"collection-aksesore-te-brendshem-per-makine","7":"model-e200-w211","8":"model-e220-w211","9":"series-e-class","10":"product_cat-butona-xhami","11":"product_cat-furnizim-i-ri","12":"product_cat-interior-aksesore-te-brendshem","13":"product_tag-auto-aksesor","14":"product_tag-auto-aksesore-albania","15":"product_tag-butona-xhami-evo","16":"product_brand-aksesore-makinash-mercedes-benz","18":"first","19":"instock","20":"shipping-taxable","21":"purchasable","22":"product-type-simple","23":"col-xs-6 col-sm-4","24":"col-md-3 col-lg-3","25":"un-4-cols"},"acf":[],"jetpack_sharing_enabled":true,"_links":{"self":[{"href":"https:\/\/autoaksesore.al\/wp-json\/wp\/v2\/product\/4841","targetHints":{"allow":["GET"]}}],"collection":[{"href":"https:\/\/autoaksesore.al\/wp-json\/wp\/v2\/product"}],"about":[{"href":"https:\/\/autoaksesore.al\/wp-json\/wp\/v2\/types\/product"}],"replies":[{"embeddable":true,"href":"https:\/\/autoaksesore.al\/wp-json\/wp\/v2\/comments?post=4841"}],"version-history":[{"count":2,"href":"https:\/\/autoaksesore.al\/wp-json\/wp\/v2\/product\/4841\/revisions"}],"predecessor-version":[{"id":10925,"href":"https:\/\/autoaksesore.al\/wp-json\/wp\/v2\/product\/4841\/revisions\/10925"}],"wp:featuredmedia":[{"embeddable":true,"href":"https:\/\/autoaksesore.al\/wp-json\/wp\/v2\/media\/4912"}],"wp:attachment":[{"href":"https:\/\/autoaksesore.al\/wp-json\/wp\/v2\/media?parent=4841"}],"wp:term":[{"taxonomy":"collection","embeddable":true,"href":"https:\/\/autoaksesore.al\/wp-json\/wp\/v2\/collection?post=4841"},{"taxonomy":"model","embeddable":true,"href":"https:\/\/autoaksesore.al\/wp-json\/wp\/v2\/model?post=4841"},{"taxonomy":"series","embeddable":true,"href":"https:\/\/autoaksesore.al\/wp-json\/wp\/v2\/series?post=4841"},{"taxonomy":"product_cat","embeddable":true,"href":"https:\/\/autoaksesore.al\/wp-json\/wp\/v2\/product_cat?post=4841"},{"taxonomy":"product_tag","embeddable":true,"href":"https:\/\/autoaksesore.al\/wp-json\/wp\/v2\/product_tag?post=4841"}],"curies":[{"name":"wp","href":"https:\/\/api.w.org\/{rel}","templated":true}]}}