{"id":13258,"date":"2026-04-03T14:12:44","date_gmt":"2026-04-03T14:12:44","guid":{"rendered":"https:\/\/autoaksesore.al\/?post_type=product&#038;p=13258"},"modified":"2026-04-03T14:12:45","modified_gmt":"2026-04-03T14:12:45","slug":"skelet-parakolpi-per-vw-id-4-2020","status":"publish","type":"product","link":"https:\/\/autoaksesore.al\/product\/skelet-parakolpi-per-vw-id-4-2020\/","title":{"rendered":"Skelet Parakolpi p\u00ebr VW ID.4 2020+ \u2013 Gati p\u00ebr Lyerje dhe P\u00ebrshtatje Perfekte"},"content":{"rendered":"<p data-start=\"134\" data-end=\"453\"><strong data-start=\"134\" data-end=\"176\">Skelet parakolpi p\u00ebr VW ID.4 2020+<\/strong> \u00ebsht\u00eb zgjedhja ideale p\u00ebr z\u00ebvend\u00ebsimin e pjes\u00ebs s\u00eb d\u00ebmtuar, duke rikthyer <strong data-start=\"251\" data-end=\"287\">struktur\u00ebn dhe pamjen origjinale<\/strong> t\u00eb automjetit. I prodhuar sipas <strong data-start=\"320\" data-end=\"346\">standardeve origjinale<\/strong>, ky <strong data-start=\"351\" data-end=\"385\">skelet parakolpi VW ID.4 2020+<\/strong> garanton <strong data-start=\"395\" data-end=\"418\">p\u00ebrshtatje perfekte<\/strong> dhe montim t\u00eb leht\u00eb pa modifikime.<\/p>\n<p data-start=\"455\" data-end=\"638\">Ky <strong data-start=\"458\" data-end=\"490\">skelet parakolpi p\u00ebr VW ID.4<\/strong> vjen <strong data-start=\"496\" data-end=\"517\">gati p\u00ebr t\u2019u lyer<\/strong>, duke ju dh\u00ebn\u00eb mund\u00ebsin\u00eb ta p\u00ebrshtatni sipas <strong data-start=\"563\" data-end=\"590\">ngjyr\u00ebs s\u00eb makin\u00ebs tuaj<\/strong> p\u00ebr nj\u00eb rezultat sa m\u00eb estetik dhe profesional.<\/p>\n<p data-start=\"640\" data-end=\"850\">E nd\u00ebrtuar me <strong data-start=\"654\" data-end=\"691\">materiale cil\u00ebsore dhe rezistente<\/strong>, kjo <strong data-start=\"697\" data-end=\"731\">skelet parakolpi VW ID.4 2020+<\/strong> ofron <strong data-start=\"738\" data-end=\"764\">q\u00ebndrueshm\u00ebri t\u00eb lart\u00eb<\/strong> dhe rezistenc\u00eb ndaj kushteve atmosferike dhe konsumit gjat\u00eb p\u00ebrdorimit t\u00eb p\u00ebrditsh\u00ebm.<\/p>\n<p data-start=\"852\" data-end=\"1019\">Modeli \u00ebsht\u00eb i p\u00ebrshtatsh\u00ebm p\u00ebr <strong data-start=\"884\" data-end=\"922\">VW ID.4 nga viti 2020 e n\u00eb vazhdim<\/strong>, me <strong data-start=\"927\" data-end=\"975\">dizajn t\u00eb p\u00ebrshtatur sipas form\u00ebs origjinale<\/strong>, duke ruajtur linjat moderne t\u00eb automjetit.<\/p>\n<p data-start=\"1021\" data-end=\"1172\"><strong data-start=\"1021\" data-end=\"1061\">Skeleti montohet leht\u00eb <\/strong>dhe \u00ebsht\u00eb zgjidhja ideale p\u00ebr ata q\u00eb k\u00ebrkojn\u00eb kombinimin e <strong data-start=\"1121\" data-end=\"1171\">cil\u00ebsis\u00eb, funksionalitetit dhe pamjes perfekte<\/strong>.<\/p>\n","protected":false},"excerpt":{"rendered":"<p>Skelet parakolpi p\u00ebr VW ID.4 2020+ \u00ebsht\u00eb zgjedhja ideale p\u00ebr z\u00ebvend\u00ebsimin e pjes\u00ebs s\u00eb d\u00ebmtuar, duke rikthyer struktur\u00ebn dhe pamjen origjinale t\u00eb automjetit. I prodhuar sipas standardeve origjinale, ky skelet parakolpi VW ID.4 2020+ garanton p\u00ebrshtatje perfekte dhe montim t\u00eb leht\u00eb pa modifikime. Ky skelet parakolpi p\u00ebr VW ID.4 vjen gati p\u00ebr t\u2019u lyer, duke&hellip;<\/p>\n","protected":false},"featured_media":13259,"comment_status":"open","ping_status":"closed","template":"","meta":{"_acf_changed":false},"collection":[517],"model":[],"series":[2434],"product_cat":[203,285],"product_tag":[4282,4302,4310,4545,4546,4544],"class_list":{"0":"post-13258","1":"product","2":"type-product","3":"status-publish","4":"has-post-thumbnail","6":"collection-aksesore-te-jashtem","7":"series-id-4","8":"product_cat-exterior-aksesor-te-jashtem","9":"product_cat-parakolpe","10":"product_tag-aksesor-makinash-elektrike","11":"product_tag-aksesor-makinash-ne-shqiperi","12":"product_tag-aksesor-makinash-ne-tirane","13":"product_tag-aksesor-makinash-per-vw-id-4","14":"product_tag-parakolp-per-id4-cmimi","15":"product_tag-skelet-parakolpi-per-vw-id4","16":"product_brand-aksesor-makinash-per-volkswagen","18":"first","19":"instock","20":"shipping-taxable","21":"purchasable","22":"product-type-simple","23":"col-xs-6 col-sm-4","24":"col-md-3 col-lg-3","25":"un-4-cols"},"acf":[],"jetpack_sharing_enabled":true,"_links":{"self":[{"href":"https:\/\/autoaksesore.al\/wp-json\/wp\/v2\/product\/13258","targetHints":{"allow":["GET"]}}],"collection":[{"href":"https:\/\/autoaksesore.al\/wp-json\/wp\/v2\/product"}],"about":[{"href":"https:\/\/autoaksesore.al\/wp-json\/wp\/v2\/types\/product"}],"replies":[{"embeddable":true,"href":"https:\/\/autoaksesore.al\/wp-json\/wp\/v2\/comments?post=13258"}],"version-history":[{"count":1,"href":"https:\/\/autoaksesore.al\/wp-json\/wp\/v2\/product\/13258\/revisions"}],"predecessor-version":[{"id":13260,"href":"https:\/\/autoaksesore.al\/wp-json\/wp\/v2\/product\/13258\/revisions\/13260"}],"wp:featuredmedia":[{"embeddable":true,"href":"https:\/\/autoaksesore.al\/wp-json\/wp\/v2\/media\/13259"}],"wp:attachment":[{"href":"https:\/\/autoaksesore.al\/wp-json\/wp\/v2\/media?parent=13258"}],"wp:term":[{"taxonomy":"collection","embeddable":true,"href":"https:\/\/autoaksesore.al\/wp-json\/wp\/v2\/collection?post=13258"},{"taxonomy":"model","embeddable":true,"href":"https:\/\/autoaksesore.al\/wp-json\/wp\/v2\/model?post=13258"},{"taxonomy":"series","embeddable":true,"href":"https:\/\/autoaksesore.al\/wp-json\/wp\/v2\/series?post=13258"},{"taxonomy":"product_cat","embeddable":true,"href":"https:\/\/autoaksesore.al\/wp-json\/wp\/v2\/product_cat?post=13258"},{"taxonomy":"product_tag","embeddable":true,"href":"https:\/\/autoaksesore.al\/wp-json\/wp\/v2\/product_tag?post=13258"}],"curies":[{"name":"wp","href":"https:\/\/api.w.org\/{rel}","templated":true}]}}