{"id":12058,"date":"2025-11-01T12:19:56","date_gmt":"2025-11-01T12:19:56","guid":{"rendered":"https:\/\/autoaksesore.al\/?post_type=product&#038;p=12058"},"modified":"2025-12-18T15:49:18","modified_gmt":"2025-12-18T15:49:18","slug":"mbulese-bagazhi-audi-q5-2009-2017","status":"publish","type":"product","link":"https:\/\/autoaksesore.al\/product\/mbulese-bagazhi-audi-q5-2009-2017\/","title":{"rendered":"Mbules\u00eb Bagazhi Audi Q5 2009-2017"},"content":{"rendered":"<p data-start=\"0\" data-end=\"77\"><strong data-start=\"0\" data-end=\"77\">Mbules\u00eb Bagazhi p\u00ebr Audi Q5 2009-2017 \u2013 Cil\u00ebsi Premium dhe Dizajn Elegant<\/strong><\/p>\n<p data-start=\"79\" data-end=\"423\">Mbulesa e bagazhit p\u00ebr <strong data-start=\"0\" data-end=\"77\">Audi Q5 2009-2017<\/strong><strong data-start=\"0\" data-end=\"77\">\u00a0<\/strong>\u00ebsht\u00eb nj\u00eb aksesor praktik dhe estetik q\u00eb shton funksionalitetin dhe eleganc\u00ebn e automjetit tuaj. E prodhuar nga materiale t\u00eb cil\u00ebsis\u00eb s\u00eb lart\u00eb, kjo\u00a0<strong data-start=\"272\" data-end=\"291\">mbules\u00eb bagazhi<\/strong> \u00ebsht\u00eb projektuar p\u00ebr t\u2019u p\u00ebrshtatur n\u00eb m\u00ebnyr\u00eb perfekte me p\u00ebrmasat e Q3, duke ofruar nj\u00eb mbrojtje t\u00eb plot\u00eb dhe pamje luksoze.<\/p>\n<p data-start=\"425\" data-end=\"763\">Ky produkt \u00ebsht\u00eb ideal p\u00ebr t\u00eb mbajtur hap\u00ebsir\u00ebn e bagazhit t\u00eb past\u00ebr dhe t\u00eb organizuar, duke fshehur sendet personale nga pamja e jashtme dhe duke ofruar\u00a0<strong data-start=\"579\" data-end=\"613\">siguri dhe privat\u00ebsi maksimale<\/strong>. Mbulesa \u00ebsht\u00eb e leht\u00eb p\u00ebr t\u2019u instaluar dhe hequr, pa nevoj\u00eb p\u00ebr mjete shtes\u00eb, fal\u00eb sistemit praktik t\u00eb montimit q\u00eb p\u00ebrshtatet pa asnj\u00eb modifikim.<\/p>\n<p data-start=\"765\" data-end=\"1067\">Materiali rezistent ndaj pluhurit, lag\u00ebshtis\u00eb dhe d\u00ebmtimeve e b\u00ebn k\u00ebt\u00eb\u00a0<strong data-start=\"836\" data-end=\"873\">mbulese bagazhi p\u00ebr Audi Q5 2009-2017 <\/strong>\u00a0t\u00eb q\u00ebndrueshme p\u00ebr p\u00ebrdorim afatgjat\u00eb. Dizajni i saj elegant p\u00ebrputhet n\u00eb m\u00ebnyr\u00eb harmonike me interiorin origjinal t\u00eb makin\u00ebs, duke ruajtur stilin luksoz q\u00eb karakterizon mark\u00ebn Audi.<\/p>\n<p data-start=\"1069\" data-end=\"1214\">N\u00ebse k\u00ebrkoni nj\u00eb\u00a0<strong data-start=\"1086\" data-end=\"1138\">mbules\u00eb bagazhi origjinale p\u00ebr Audi Q5 2009-2017 <\/strong>q\u00eb ofron funksionalitet, siguri dhe estetik\u00eb, kjo \u00ebsht\u00eb zgjedhja e duhur.<\/p>\n","protected":false},"excerpt":{"rendered":"<p>Mbules\u00eb Bagazhi p\u00ebr Audi Q5 2009-2017 \u2013 Cil\u00ebsi Premium dhe Dizajn Elegant Mbulesa e bagazhit p\u00ebr Audi Q5 2009-2017\u00a0\u00ebsht\u00eb nj\u00eb aksesor praktik dhe estetik q\u00eb shton funksionalitetin dhe eleganc\u00ebn e automjetit tuaj. E prodhuar nga materiale t\u00eb cil\u00ebsis\u00eb s\u00eb lart\u00eb, kjo\u00a0mbules\u00eb bagazhi \u00ebsht\u00eb projektuar p\u00ebr t\u2019u p\u00ebrshtatur n\u00eb m\u00ebnyr\u00eb perfekte me p\u00ebrmasat e Q3, duke&hellip;<\/p>\n","protected":false},"featured_media":12448,"comment_status":"open","ping_status":"closed","template":"","meta":{"_acf_changed":false},"collection":[516],"model":[2231,2095,2330,2329,2230],"series":[2094],"product_cat":[224,206,4139],"product_tag":[],"class_list":{"0":"post-12058","1":"product","2":"type-product","3":"status-publish","4":"has-post-thumbnail","6":"collection-aksesore-te-brendshem-per-makine","7":"model-q5-55-tfsi-e-quattro","8":"model-q5-premium","9":"model-q5-prestige","10":"model-q5-sportback","11":"model-q5-tdi-quattro","12":"series-q5","13":"product_cat-furnizim-i-ri","14":"product_cat-interior-aksesore-te-brendshem","15":"product_cat-mbulese-bagazhi-per-makina","16":"product_brand-aksesor-makinash-per-audi","18":"first","19":"instock","20":"shipping-taxable","21":"purchasable","22":"product-type-simple","23":"col-xs-6 col-sm-4","24":"col-md-3 col-lg-3","25":"un-4-cols"},"acf":[],"jetpack_sharing_enabled":true,"_links":{"self":[{"href":"https:\/\/autoaksesore.al\/wp-json\/wp\/v2\/product\/12058","targetHints":{"allow":["GET"]}}],"collection":[{"href":"https:\/\/autoaksesore.al\/wp-json\/wp\/v2\/product"}],"about":[{"href":"https:\/\/autoaksesore.al\/wp-json\/wp\/v2\/types\/product"}],"replies":[{"embeddable":true,"href":"https:\/\/autoaksesore.al\/wp-json\/wp\/v2\/comments?post=12058"}],"version-history":[{"count":1,"href":"https:\/\/autoaksesore.al\/wp-json\/wp\/v2\/product\/12058\/revisions"}],"predecessor-version":[{"id":12060,"href":"https:\/\/autoaksesore.al\/wp-json\/wp\/v2\/product\/12058\/revisions\/12060"}],"wp:featuredmedia":[{"embeddable":true,"href":"https:\/\/autoaksesore.al\/wp-json\/wp\/v2\/media\/12448"}],"wp:attachment":[{"href":"https:\/\/autoaksesore.al\/wp-json\/wp\/v2\/media?parent=12058"}],"wp:term":[{"taxonomy":"collection","embeddable":true,"href":"https:\/\/autoaksesore.al\/wp-json\/wp\/v2\/collection?post=12058"},{"taxonomy":"model","embeddable":true,"href":"https:\/\/autoaksesore.al\/wp-json\/wp\/v2\/model?post=12058"},{"taxonomy":"series","embeddable":true,"href":"https:\/\/autoaksesore.al\/wp-json\/wp\/v2\/series?post=12058"},{"taxonomy":"product_cat","embeddable":true,"href":"https:\/\/autoaksesore.al\/wp-json\/wp\/v2\/product_cat?post=12058"},{"taxonomy":"product_tag","embeddable":true,"href":"https:\/\/autoaksesore.al\/wp-json\/wp\/v2\/product_tag?post=12058"}],"curies":[{"name":"wp","href":"https:\/\/api.w.org\/{rel}","templated":true}]}}