{"id":11881,"date":"2025-10-10T21:23:35","date_gmt":"2025-10-10T21:23:35","guid":{"rendered":"https:\/\/autoaksesore.al\/?post_type=product&#038;p=11881"},"modified":"2025-10-10T21:23:36","modified_gmt":"2025-10-10T21:23:36","slug":"solucione-solucion-pastrimi-mbrojtje","status":"publish","type":"product","link":"https:\/\/autoaksesore.al\/product\/solucione-solucion-pastrimi-mbrojtje\/","title":{"rendered":"Solucion p\u00ebr pastrim t\u00eb plot\u00eb dhe mbrojtje afatgjat\u00eb t\u00eb motorrit"},"content":{"rendered":"<p data-start=\"177\" data-end=\"570\"><strong data-start=\"177\" data-end=\"215\">German Adler Aditiv p\u00ebr vaj motori<\/strong> \u00ebsht\u00eb nj\u00eb produkt me <strong data-start=\"237\" data-end=\"256\">cil\u00ebsi t\u00eb lart\u00eb<\/strong>, i krijuar p\u00ebr t\u00eb siguruar <strong data-start=\"284\" data-end=\"363\">pastrim t\u00eb plot\u00eb dhe mbrojtje afatgjat\u00eb p\u00ebr motor\u00ebt me benzin\u00eb dhe me naft\u00eb<\/strong>. Formula e tij p\u00ebrmban <strong data-start=\"387\" data-end=\"433\">detergjent\u00eb dhe shp\u00ebrndar\u00ebs shum\u00eb efektiv\u00eb<\/strong>, t\u00eb cil\u00ebt ndihmojn\u00eb n\u00eb <strong data-start=\"457\" data-end=\"524\">largimin e depozitave t\u00eb karbonit, llumit dhe mbetjeve t\u00eb vajit<\/strong> q\u00eb grumbullohen n\u00eb sistemin e lubrifikimit.<\/p>\n<p data-start=\"572\" data-end=\"880\">Ky aditiv vepron n\u00eb m\u00ebnyr\u00eb aktive p\u00ebr t\u00eb <strong data-start=\"613\" data-end=\"646\">pastruar brend\u00ebsin\u00eb e motorit<\/strong>, p\u00ebrmir\u00ebsuar qarkullimin e vajit dhe <strong data-start=\"684\" data-end=\"722\">rritur efikasitetin e lubrifikimit<\/strong>, duke parandaluar konsumimin e tep\u00ebrt t\u00eb pjes\u00ebve l\u00ebviz\u00ebse. Si rezultat, motori punon m\u00eb qet\u00eb, me <strong data-start=\"820\" data-end=\"877\">fuqi m\u00eb t\u00eb lart\u00eb dhe konsum m\u00eb t\u00eb ul\u00ebt t\u00eb karburantit<\/strong>.<\/p>\n<p data-start=\"882\" data-end=\"1174\"><strong data-start=\"882\" data-end=\"920\">German Adler Aditiv p\u00ebr vaj motori<\/strong> gjithashtu ndihmon n\u00eb <strong data-start=\"943\" data-end=\"977\">reduktimin e konsumit t\u00eb vajit<\/strong>, <strong data-start=\"979\" data-end=\"1023\">parandalon bllokimin e kanaleve t\u00eb vajit<\/strong>, dhe <strong data-start=\"1029\" data-end=\"1054\">zgjat jet\u00ebn e motorit<\/strong>. Ai \u00ebsht\u00eb i p\u00ebrshtatsh\u00ebm p\u00ebr p\u00ebrdorim n\u00eb t\u00eb gjitha llojet e motor\u00ebve modern\u00eb \u2013 me benzin\u00eb ose dizel, me ose pa turbo.<\/p>\n<p data-start=\"1176\" data-end=\"1262\">Rekomandohet t\u00eb p\u00ebrdoret me <strong data-start=\"1204\" data-end=\"1236\">6 deri n\u00eb 8 litra vaj motori<\/strong> p\u00ebr rezultate optimale.<\/p>\n<p data-start=\"1264\" data-end=\"1363\"><strong data-start=\"1264\" data-end=\"1284\">Paketimi: 300 ml<\/strong> \u2013 p\u00ebrdorim i leht\u00eb, pastrim i thell\u00eb dhe mbrojtje e sigurt p\u00ebr motorin tuaj.<\/p>\n","protected":false},"excerpt":{"rendered":"<p>German Adler Aditiv p\u00ebr vaj motori \u00ebsht\u00eb nj\u00eb produkt me cil\u00ebsi t\u00eb lart\u00eb, i krijuar p\u00ebr t\u00eb siguruar pastrim t\u00eb plot\u00eb dhe mbrojtje afatgjat\u00eb p\u00ebr motor\u00ebt me benzin\u00eb dhe me naft\u00eb. Formula e tij p\u00ebrmban detergjent\u00eb dhe shp\u00ebrndar\u00ebs shum\u00eb efektiv\u00eb, t\u00eb cil\u00ebt ndihmojn\u00eb n\u00eb largimin e depozitave t\u00eb karbonit, llumit dhe mbetjeve t\u00eb vajit q\u00eb&hellip;<\/p>\n","protected":false},"featured_media":11882,"comment_status":"open","ping_status":"closed","template":"","meta":{"_acf_changed":false},"collection":[3740],"model":[],"series":[],"product_cat":[3784,365,364],"product_tag":[],"class_list":{"0":"post-11881","1":"product","2":"type-product","3":"status-publish","4":"has-post-thumbnail","6":"collection-solucione","7":"product_cat-aksesore-universal","8":"product_cat-solucione","9":"product_cat-vaj-solucione","10":"product_brand-aksesor-universale-per-makina","12":"first","13":"instock","14":"shipping-taxable","15":"purchasable","16":"product-type-simple","17":"col-xs-6 col-sm-4","18":"col-md-3 col-lg-3","19":"un-4-cols"},"acf":[],"jetpack_sharing_enabled":true,"_links":{"self":[{"href":"https:\/\/autoaksesore.al\/wp-json\/wp\/v2\/product\/11881","targetHints":{"allow":["GET"]}}],"collection":[{"href":"https:\/\/autoaksesore.al\/wp-json\/wp\/v2\/product"}],"about":[{"href":"https:\/\/autoaksesore.al\/wp-json\/wp\/v2\/types\/product"}],"replies":[{"embeddable":true,"href":"https:\/\/autoaksesore.al\/wp-json\/wp\/v2\/comments?post=11881"}],"version-history":[{"count":1,"href":"https:\/\/autoaksesore.al\/wp-json\/wp\/v2\/product\/11881\/revisions"}],"predecessor-version":[{"id":11883,"href":"https:\/\/autoaksesore.al\/wp-json\/wp\/v2\/product\/11881\/revisions\/11883"}],"wp:featuredmedia":[{"embeddable":true,"href":"https:\/\/autoaksesore.al\/wp-json\/wp\/v2\/media\/11882"}],"wp:attachment":[{"href":"https:\/\/autoaksesore.al\/wp-json\/wp\/v2\/media?parent=11881"}],"wp:term":[{"taxonomy":"collection","embeddable":true,"href":"https:\/\/autoaksesore.al\/wp-json\/wp\/v2\/collection?post=11881"},{"taxonomy":"model","embeddable":true,"href":"https:\/\/autoaksesore.al\/wp-json\/wp\/v2\/model?post=11881"},{"taxonomy":"series","embeddable":true,"href":"https:\/\/autoaksesore.al\/wp-json\/wp\/v2\/series?post=11881"},{"taxonomy":"product_cat","embeddable":true,"href":"https:\/\/autoaksesore.al\/wp-json\/wp\/v2\/product_cat?post=11881"},{"taxonomy":"product_tag","embeddable":true,"href":"https:\/\/autoaksesore.al\/wp-json\/wp\/v2\/product_tag?post=11881"}],"curies":[{"name":"wp","href":"https:\/\/api.w.org\/{rel}","templated":true}]}}