{"id":11776,"date":"2025-10-07T10:24:28","date_gmt":"2025-10-07T10:24:28","guid":{"rendered":"https:\/\/autoaksesore.al\/?post_type=product&#038;p=11776"},"modified":"2025-10-07T10:39:41","modified_gmt":"2025-10-07T10:39:41","slug":"tapeta-gome-volkswagen-golf-5-dhe-golf-6","status":"publish","type":"product","link":"https:\/\/autoaksesore.al\/product\/tapeta-gome-volkswagen-golf-5-dhe-golf-6\/","title":{"rendered":"Tapeta gome Volkswagen Golf 5 dhe Golf 6"},"content":{"rendered":"<p data-start=\"98\" data-end=\"182\"><strong data-start=\"98\" data-end=\"180\">Tapeta Gome p\u00ebr Golf 5 2004-2008 <\/strong>dhe\u00a0<strong data-start=\"98\" data-end=\"180\">Golf 6 2008-2013 \u2013 Cil\u00ebsi Europiane &amp; P\u00ebrshtatje Perfekte<\/strong><\/p>\n<p data-start=\"184\" data-end=\"456\">K\u00ebto\u00a0<strong data-start=\"189\" data-end=\"215\">tapeta gome origjinale<\/strong> jan\u00eb projektuar posa\u00e7\u00ebrisht p\u00ebr <strong data-start=\"98\" data-end=\"180\">Golf 5 <\/strong>dhe\u00a0<strong data-start=\"98\" data-end=\"180\">Golf 6 <\/strong>, duke ofruar p\u00ebrshtatje t\u00eb sakt\u00eb dhe mbrojtje optimale p\u00ebr dyshemen\u00eb e makin\u00ebs tuaj. Materiali cil\u00ebsor i gom\u00ebs \u00ebsht\u00eb i q\u00ebndruesh\u00ebm, pa er\u00eb t\u00eb pak\u00ebndshme dhe garanton jet\u00ebgjat\u00ebsi. Tapetat jane cilesi dhe prodhim Europian.<\/p>\n<p data-start=\"458\" data-end=\"668\">Me\u00a0<strong data-start=\"461\" data-end=\"486\">tapa dhe prerje fikse<\/strong>, tapetat mbahen fort n\u00eb vend dhe nuk rr\u00ebshqasin gjat\u00eb p\u00ebrdorimit. P\u00ebrmasat jan\u00eb standarde dhe p\u00ebrshtaten sakt\u00eb n\u00eb modelin tuaj, duke e b\u00ebr\u00eb montimin shum\u00eb t\u00eb leht\u00eb dhe t\u00eb shpejt\u00eb.<\/p>\n<p data-start=\"670\" data-end=\"778\">Montimi mund t\u00eb b\u00ebhet vet\u00eb, por rekomandohet q\u00eb tapetat t\u00eb lahen paraprakisht p\u00ebr nj\u00eb vendosje m\u00eb t\u00eb mir\u00eb dhe p\u00ebr t\u00eb shmangur er\u00eb e paketimit.<br \/>\n\u00c7mimi dhe shitja b\u00ebhet p\u00ebr\u00a0<strong data-start=\"807\" data-end=\"831\">set komplet tapetash<\/strong>\u00a0\u2013 p\u00ebr t\u00eb gjitha pjes\u00ebt e nevojshme n\u00eb makin\u00eb.<\/p>\n<p data-start=\"881\" data-end=\"1017\">Zgjidhni tapetat q\u00eb kombinojn\u00eb\u00a0<strong data-start=\"912\" data-end=\"965\">funksionalitetin, cil\u00ebsin\u00eb europiane dhe rehatin\u00eb<\/strong>, p\u00ebr t\u2019i dh\u00ebn\u00eb makin\u00ebs suaj mbrojtjen q\u00eb meriton!<\/p>\n","protected":false},"excerpt":{"rendered":"<p>Tapeta Gome p\u00ebr Golf 5 2004-2008 dhe\u00a0Golf 6 2008-2013 \u2013 Cil\u00ebsi Europiane &amp; P\u00ebrshtatje Perfekte K\u00ebto\u00a0tapeta gome origjinale jan\u00eb projektuar posa\u00e7\u00ebrisht p\u00ebr Golf 5 dhe\u00a0Golf 6 , duke ofruar p\u00ebrshtatje t\u00eb sakt\u00eb dhe mbrojtje optimale p\u00ebr dyshemen\u00eb e makin\u00ebs tuaj. Materiali cil\u00ebsor i gom\u00ebs \u00ebsht\u00eb i q\u00ebndruesh\u00ebm, pa er\u00eb t\u00eb pak\u00ebndshme dhe garanton jet\u00ebgjat\u00ebsi. Tapetat&hellip;<\/p>\n","protected":false},"featured_media":11777,"comment_status":"open","ping_status":"closed","template":"","meta":{"_acf_changed":false},"collection":[516],"model":[3884,2421,2420,2419,2034],"series":[3900,3899],"product_cat":[206,270,288],"product_tag":[],"class_list":{"0":"post-11776","1":"product","2":"type-product","3":"status-publish","4":"has-post-thumbnail","6":"collection-aksesore-te-brendshem-per-makine","7":"model-golf","8":"model-golf-gti","9":"model-golf-r","10":"model-golf-tdi","11":"model-golf-tsi","12":"series-golf-5","13":"series-golf-6","14":"product_cat-interior-aksesore-te-brendshem","15":"product_cat-tapeta","16":"product_cat-tapeta-gome","17":"product_brand-aksesor-makinash-per-volkswagen","19":"first","20":"instock","21":"sale","22":"shipping-taxable","23":"purchasable","24":"product-type-simple","25":"col-xs-6 col-sm-4","26":"col-md-3 col-lg-3","27":"un-4-cols"},"acf":[],"jetpack_sharing_enabled":true,"_links":{"self":[{"href":"https:\/\/autoaksesore.al\/wp-json\/wp\/v2\/product\/11776","targetHints":{"allow":["GET"]}}],"collection":[{"href":"https:\/\/autoaksesore.al\/wp-json\/wp\/v2\/product"}],"about":[{"href":"https:\/\/autoaksesore.al\/wp-json\/wp\/v2\/types\/product"}],"replies":[{"embeddable":true,"href":"https:\/\/autoaksesore.al\/wp-json\/wp\/v2\/comments?post=11776"}],"version-history":[{"count":2,"href":"https:\/\/autoaksesore.al\/wp-json\/wp\/v2\/product\/11776\/revisions"}],"predecessor-version":[{"id":11780,"href":"https:\/\/autoaksesore.al\/wp-json\/wp\/v2\/product\/11776\/revisions\/11780"}],"wp:featuredmedia":[{"embeddable":true,"href":"https:\/\/autoaksesore.al\/wp-json\/wp\/v2\/media\/11777"}],"wp:attachment":[{"href":"https:\/\/autoaksesore.al\/wp-json\/wp\/v2\/media?parent=11776"}],"wp:term":[{"taxonomy":"collection","embeddable":true,"href":"https:\/\/autoaksesore.al\/wp-json\/wp\/v2\/collection?post=11776"},{"taxonomy":"model","embeddable":true,"href":"https:\/\/autoaksesore.al\/wp-json\/wp\/v2\/model?post=11776"},{"taxonomy":"series","embeddable":true,"href":"https:\/\/autoaksesore.al\/wp-json\/wp\/v2\/series?post=11776"},{"taxonomy":"product_cat","embeddable":true,"href":"https:\/\/autoaksesore.al\/wp-json\/wp\/v2\/product_cat?post=11776"},{"taxonomy":"product_tag","embeddable":true,"href":"https:\/\/autoaksesore.al\/wp-json\/wp\/v2\/product_tag?post=11776"}],"curies":[{"name":"wp","href":"https:\/\/api.w.org\/{rel}","templated":true}]}}