{"id":11659,"date":"2025-09-27T09:02:44","date_gmt":"2025-09-27T09:02:44","guid":{"rendered":"https:\/\/darkslategray-wombat-436701.hostingersite.com\/?post_type=product&#038;p=11659"},"modified":"2025-09-27T09:02:47","modified_gmt":"2025-09-27T09:02:47","slug":"butona-xhami-mercedes-benz-eclass-w212","status":"publish","type":"product","link":"https:\/\/autoaksesore.al\/product\/butona-xhami-mercedes-benz-eclass-w212\/","title":{"rendered":"Butona Xhami Mercedes-Benz E Class W212"},"content":{"rendered":"<p data-start=\"98\" data-end=\"176\"><strong data-start=\"98\" data-end=\"174\">Butona Xhami Mercedes-Benz E Class W212 \u2013 Bllok Qendror p\u00ebr Krahun e Shoferit<\/strong><\/p>\n<p data-start=\"178\" data-end=\"467\">P\u00ebrmir\u00ebsoni funksionalitetin dhe komoditetin e makin\u00ebs suaj me <strong data-start=\"241\" data-end=\"288\">butonat e xhamave p\u00ebr Mercedes-Benz E Class W212<\/strong>. Ky set p\u00ebrfshin <strong data-start=\"306\" data-end=\"339\">bllokun qendror t\u00eb komandimit<\/strong>, i cili vendoset n\u00eb krahun e shoferit dhe ju lejon t\u00eb kontrolloni me leht\u00ebsi t\u00eb gjitha dritaret elektrike t\u00eb automjetit tuaj.<\/p>\n<p data-start=\"469\" data-end=\"809\">Produkt i dizajnuar posa\u00e7\u00ebrisht p\u00ebr <strong data-start=\"505\" data-end=\"530\">Mercedes-Benz E Class W212<\/strong>, duke siguruar p\u00ebrshtatje perfekte dhe funksionim pa probleme, nj\u00ebsoj si pjes\u00ebt origjinale. Me dizajn elegant dhe material rezistent, k\u00ebta butona i japin makin\u00ebs tuaj jo vet\u00ebm funksionalitet maksimal, por edhe nj\u00eb prekje luksi q\u00eb reflekton standardet e larta t\u00eb Mercedes-Benz.<\/p>\n<p data-start=\"811\" data-end=\"1089\">Instalimi \u00ebsht\u00eb i thjesht\u00eb dhe praktik, pa nevoj\u00eb p\u00ebr nd\u00ebrhyrje t\u00eb komplikuara. Thjesht z\u00ebvend\u00ebsoni bllokun ekzistues dhe sistemi i xhamave do t\u00eb jet\u00eb gati p\u00ebr p\u00ebrdorim. Ky \u00ebsht\u00eb z\u00ebvend\u00ebsimi ideal n\u00ebse butonat aktual\u00eb jan\u00eb d\u00ebmtuar, konsumuar ose nuk funksionojn\u00eb m\u00eb si\u00e7 duhet.<\/p>\n<p data-start=\"1091\" data-end=\"1282\">Butonat shiten si <strong data-start=\"1109\" data-end=\"1148\">bllok qendror p\u00ebr krahun e shoferit<\/strong>, duke ofruar cil\u00ebsi, komoditet dhe jet\u00ebgjat\u00ebsi. Nj\u00eb zgjedhje e shk\u00eblqyer p\u00ebr t\u00eb ruajtur funksionalitetin origjinal t\u00eb makin\u00ebs suaj.<\/p>\n","protected":false},"excerpt":{"rendered":"<p>Butona Xhami Mercedes-Benz E Class W212 \u2013 Bllok Qendror p\u00ebr Krahun e Shoferit P\u00ebrmir\u00ebsoni funksionalitetin dhe komoditetin e makin\u00ebs suaj me butonat e xhamave p\u00ebr Mercedes-Benz E Class W212. Ky set p\u00ebrfshin bllokun qendror t\u00eb komandimit, i cili vendoset n\u00eb krahun e shoferit dhe ju lejon t\u00eb kontrolloni me leht\u00ebsi t\u00eb gjitha dritaret elektrike t\u00eb&hellip;<\/p>\n","protected":false},"featured_media":11660,"comment_status":"open","ping_status":"closed","template":"","meta":{"_acf_changed":false},"collection":[516],"model":[2019],"series":[2016],"product_cat":[206,437],"product_tag":[],"class_list":{"0":"post-11659","1":"product","2":"type-product","3":"status-publish","4":"has-post-thumbnail","6":"collection-aksesore-te-brendshem-per-makine","7":"model-e350-w212","8":"series-e-class","9":"product_cat-interior-aksesore-te-brendshem","10":"product_cat-butona-xhami","11":"product_brand-aksesore-makinash-mercedes-benz","13":"first","14":"instock","15":"sale","16":"shipping-taxable","17":"purchasable","18":"product-type-simple","19":"col-xs-6 col-sm-4","20":"col-md-3 col-lg-3","21":"un-4-cols"},"acf":[],"jetpack_sharing_enabled":true,"_links":{"self":[{"href":"https:\/\/autoaksesore.al\/wp-json\/wp\/v2\/product\/11659","targetHints":{"allow":["GET"]}}],"collection":[{"href":"https:\/\/autoaksesore.al\/wp-json\/wp\/v2\/product"}],"about":[{"href":"https:\/\/autoaksesore.al\/wp-json\/wp\/v2\/types\/product"}],"replies":[{"embeddable":true,"href":"https:\/\/autoaksesore.al\/wp-json\/wp\/v2\/comments?post=11659"}],"version-history":[{"count":1,"href":"https:\/\/autoaksesore.al\/wp-json\/wp\/v2\/product\/11659\/revisions"}],"predecessor-version":[{"id":11663,"href":"https:\/\/autoaksesore.al\/wp-json\/wp\/v2\/product\/11659\/revisions\/11663"}],"wp:featuredmedia":[{"embeddable":true,"href":"https:\/\/autoaksesore.al\/wp-json\/wp\/v2\/media\/11660"}],"wp:attachment":[{"href":"https:\/\/autoaksesore.al\/wp-json\/wp\/v2\/media?parent=11659"}],"wp:term":[{"taxonomy":"collection","embeddable":true,"href":"https:\/\/autoaksesore.al\/wp-json\/wp\/v2\/collection?post=11659"},{"taxonomy":"model","embeddable":true,"href":"https:\/\/autoaksesore.al\/wp-json\/wp\/v2\/model?post=11659"},{"taxonomy":"series","embeddable":true,"href":"https:\/\/autoaksesore.al\/wp-json\/wp\/v2\/series?post=11659"},{"taxonomy":"product_cat","embeddable":true,"href":"https:\/\/autoaksesore.al\/wp-json\/wp\/v2\/product_cat?post=11659"},{"taxonomy":"product_tag","embeddable":true,"href":"https:\/\/autoaksesore.al\/wp-json\/wp\/v2\/product_tag?post=11659"}],"curies":[{"name":"wp","href":"https:\/\/api.w.org\/{rel}","templated":true}]}}