{"id":11014,"date":"2025-09-13T21:29:45","date_gmt":"2025-09-13T21:29:45","guid":{"rendered":"https:\/\/darkslategray-wombat-436701.hostingersite.com\/?post_type=product&#038;p=11014"},"modified":"2025-09-13T21:29:46","modified_gmt":"2025-09-13T21:29:46","slug":"xham-feneri-porsche-cayenne-05-08","status":"publish","type":"product","link":"https:\/\/autoaksesore.al\/product\/xham-feneri-porsche-cayenne-05-08\/","title":{"rendered":"Xham feneri Porsche Cayenne 05-08"},"content":{"rendered":"<p data-start=\"0\" data-end=\"64\"><strong data-start=\"0\" data-end=\"62\">Xham Feneri p\u00ebr Porsche Cayenne 2005-2008 <\/strong><strong data-start=\"0\" data-end=\"62\">\u2013 Cil\u00ebsi e garantuar<\/strong><\/p>\n<p data-start=\"66\" data-end=\"412\">Mbroni dhe rinovoni pamjen e p\u00ebrparme t\u00eb <strong data-start=\"0\" data-end=\"62\">Porsche Cayenne 2005-2008<\/strong><strong data-start=\"0\" data-end=\"62\">\u00a0<\/strong>me k\u00ebt\u00eb\u00a0<strong data-start=\"158\" data-end=\"181\">xham feneri cil\u00ebsor<\/strong>, i prodhuar nga\u00a0<strong data-start=\"198\" data-end=\"222\">plastik\u00eb e temperuar<\/strong>\u00a0p\u00ebr q\u00ebndrueshm\u00ebri maksimale. Ky material i fort\u00eb reziston ndaj g\u00ebrvishtjeve, goditjeve t\u00eb vogla dhe kushteve atmosferike, duke mbrojtur fenerin nga d\u00ebmtimet dhe zbehja me kalimin e koh\u00ebs.<\/p>\n<p data-start=\"414\" data-end=\"684\">Xhami \u00ebsht\u00eb dizajnuar posa\u00e7\u00ebrisht p\u00ebr t\u2019u p\u00ebrshtatur n\u00eb m\u00ebnyr\u00eb t\u00eb p\u00ebrkryer me form\u00ebn origjinale t\u00eb fenerit, duke siguruar jo vet\u00ebm mbrojtje, por edhe ruajtjen e pamjes estetike t\u00eb makin\u00ebs. Instalimi \u00ebsht\u00eb i thjesht\u00eb p\u00ebr profesionist\u00ebt dhe nuk k\u00ebrkon modifikime shtes\u00eb.<\/p>\n<p data-start=\"686\" data-end=\"871\">Ky produkt \u00ebsht\u00eb zgjidhja ideale n\u00ebse fener\u00ebt tuaj jan\u00eb t\u00eb d\u00ebmtuar ose t\u00eb konsumuar, pasi ju lejon t\u00eb shmangni z\u00ebvend\u00ebsimin e t\u00eb gjith\u00eb bllokut t\u00eb fenerit, duke kursyer koh\u00eb dhe para.<\/p>\n<p data-start=\"873\" data-end=\"925\"><strong data-start=\"876\" data-end=\"887\">Sh\u00ebnim:<\/strong>\u00a0\u00c7mimi i shitjes \u00ebsht\u00eb\u00a0<strong data-start=\"910\" data-end=\"922\">p\u00ebr cop\u00eb<\/strong>.<\/p>\n","protected":false},"excerpt":{"rendered":"<p>Xham Feneri p\u00ebr Porsche Cayenne 2005-2008 \u2013 Cil\u00ebsi e garantuar Mbroni dhe rinovoni pamjen e p\u00ebrparme t\u00eb Porsche Cayenne 2005-2008\u00a0me k\u00ebt\u00eb\u00a0xham feneri cil\u00ebsor, i prodhuar nga\u00a0plastik\u00eb e temperuar\u00a0p\u00ebr q\u00ebndrueshm\u00ebri maksimale. Ky material i fort\u00eb reziston ndaj g\u00ebrvishtjeve, goditjeve t\u00eb vogla dhe kushteve atmosferike, duke mbrojtur fenerin nga d\u00ebmtimet dhe zbehja me kalimin e koh\u00ebs. Xhami&hellip;<\/p>\n","protected":false},"featured_media":11015,"comment_status":"open","ping_status":"closed","template":"","meta":{"_acf_changed":false},"collection":[517],"model":[4046],"series":[3825],"product_cat":[203,224,327],"product_tag":[],"class_list":{"0":"post-11014","1":"product","2":"type-product","3":"status-publish","4":"has-post-thumbnail","6":"collection-aksesore-te-jashtem","7":"model-cayenne","8":"series-cayenne","9":"product_cat-exterior-aksesor-te-jashtem","10":"product_cat-furnizim-i-ri","11":"product_cat-xhama-feneresh-per-makina","12":"product_brand-aksesor-makinash-per-porsche","14":"first","15":"instock","16":"shipping-taxable","17":"purchasable","18":"product-type-simple","19":"col-xs-6 col-sm-4","20":"col-md-3 col-lg-3","21":"un-4-cols"},"acf":[],"jetpack_sharing_enabled":true,"_links":{"self":[{"href":"https:\/\/autoaksesore.al\/wp-json\/wp\/v2\/product\/11014","targetHints":{"allow":["GET"]}}],"collection":[{"href":"https:\/\/autoaksesore.al\/wp-json\/wp\/v2\/product"}],"about":[{"href":"https:\/\/autoaksesore.al\/wp-json\/wp\/v2\/types\/product"}],"replies":[{"embeddable":true,"href":"https:\/\/autoaksesore.al\/wp-json\/wp\/v2\/comments?post=11014"}],"version-history":[{"count":1,"href":"https:\/\/autoaksesore.al\/wp-json\/wp\/v2\/product\/11014\/revisions"}],"predecessor-version":[{"id":11016,"href":"https:\/\/autoaksesore.al\/wp-json\/wp\/v2\/product\/11014\/revisions\/11016"}],"wp:featuredmedia":[{"embeddable":true,"href":"https:\/\/autoaksesore.al\/wp-json\/wp\/v2\/media\/11015"}],"wp:attachment":[{"href":"https:\/\/autoaksesore.al\/wp-json\/wp\/v2\/media?parent=11014"}],"wp:term":[{"taxonomy":"collection","embeddable":true,"href":"https:\/\/autoaksesore.al\/wp-json\/wp\/v2\/collection?post=11014"},{"taxonomy":"model","embeddable":true,"href":"https:\/\/autoaksesore.al\/wp-json\/wp\/v2\/model?post=11014"},{"taxonomy":"series","embeddable":true,"href":"https:\/\/autoaksesore.al\/wp-json\/wp\/v2\/series?post=11014"},{"taxonomy":"product_cat","embeddable":true,"href":"https:\/\/autoaksesore.al\/wp-json\/wp\/v2\/product_cat?post=11014"},{"taxonomy":"product_tag","embeddable":true,"href":"https:\/\/autoaksesore.al\/wp-json\/wp\/v2\/product_tag?post=11014"}],"curies":[{"name":"wp","href":"https:\/\/api.w.org\/{rel}","templated":true}]}}