{"id":10911,"date":"2025-09-13T18:01:43","date_gmt":"2025-09-13T18:01:43","guid":{"rendered":"https:\/\/darkslategray-wombat-436701.hostingersite.com\/?post_type=product&#038;p=10911"},"modified":"2025-09-13T18:01:44","modified_gmt":"2025-09-13T18:01:44","slug":"lev-marshi-mercedes-benz-w202","status":"publish","type":"product","link":"https:\/\/autoaksesore.al\/product\/lev-marshi-mercedes-benz-w202\/","title":{"rendered":"Lev marshi Mercedes-Benz W202"},"content":{"rendered":"<p data-start=\"71\" data-end=\"138\"><strong data-start=\"71\" data-end=\"136\">Lev\u00eb Marshi Manual p\u00ebr Mercedes-Benz W202, W210 1992-2001<\/strong><\/p>\n<p data-start=\"140\" data-end=\"465\">P\u00ebrmir\u00ebsoni p\u00ebrvoj\u00ebn e drejtimit tuaj me <strong data-start=\"181\" data-end=\"232\">Lev\u00ebn e Marsheve p\u00ebr Mercedes-Benz W202, W210 1992-2001<\/strong>, t\u00eb p\u00ebrshtatshme si p\u00ebr versionet automat ashtu edhe p\u00ebr ato manuale. Ky produkt p\u00ebrfshin si <strong data-start=\"326\" data-end=\"346\">kok\u00ebn e marsheve<\/strong> ashtu edhe <strong data-start=\"358\" data-end=\"393\">mekanizmin e plot\u00eb t\u00eb marshin\u00ebs<\/strong>, duke u shitur s\u00eb bashku p\u00ebr nj\u00eb zgjidhje praktike dhe t\u00eb kompletuar.<\/p>\n<p data-start=\"467\" data-end=\"746\">E prodhuar me materiale <strong data-start=\"491\" data-end=\"509\">shum\u00eb cil\u00ebsore<\/strong>, leva garanton <strong data-start=\"525\" data-end=\"555\">q\u00ebndrueshm\u00ebri, jet\u00ebgjat\u00ebsi<\/strong> dhe nj\u00eb ndjesi premium n\u00eb \u00e7do ndryshim marshe. Dizajni i saj \u00ebsht\u00eb n\u00eb harmoni t\u00eb plot\u00eb me estetik\u00ebn e brendshme t\u00eb <strong>Mercedes-Benz<\/strong>, duke ruajtur origjinalitetin dhe eleganc\u00ebn e makin\u00ebs tuaj.<\/p>\n<p data-start=\"748\" data-end=\"908\">Instalimi \u00ebsht\u00eb i thjesht\u00eb dhe i p\u00ebrshtatsh\u00ebm p\u00ebr \u00e7do <strong data-start=\"802\" data-end=\"818\">W202 dhe W210<\/strong>, duke ofruar nj\u00eb p\u00ebrshtatje perfekte pa pasur nevoj\u00eb p\u00ebr modifikime shtes\u00eb.<\/p>\n<p data-start=\"910\" data-end=\"1048\">N\u00ebse k\u00ebrkoni t\u00eb z\u00ebvend\u00ebsoni lev\u00ebn e konsumuar ose thjesht d\u00ebshironi t\u00eb rifreskoni pamjen e kabin\u00ebs, ky produkt \u00ebsht\u00eb zgjedhja m\u00eb e mir\u00eb.<\/p>\n<p data-start=\"1050\" data-end=\"1204\">\n","protected":false},"excerpt":{"rendered":"<p>Lev\u00eb Marshi Manual p\u00ebr Mercedes-Benz W202, W210 1992-2001 P\u00ebrmir\u00ebsoni p\u00ebrvoj\u00ebn e drejtimit tuaj me Lev\u00ebn e Marsheve p\u00ebr Mercedes-Benz W202, W210 1992-2001, t\u00eb p\u00ebrshtatshme si p\u00ebr versionet automat ashtu edhe p\u00ebr ato manuale. Ky produkt p\u00ebrfshin si kok\u00ebn e marsheve ashtu edhe mekanizmin e plot\u00eb t\u00eb marshin\u00ebs, duke u shitur s\u00eb bashku p\u00ebr nj\u00eb zgjidhje&hellip;<\/p>\n","protected":false},"featured_media":10912,"comment_status":"open","ping_status":"closed","template":"","meta":{"_acf_changed":false},"collection":[516],"model":[],"series":[2012],"product_cat":[206,235],"product_tag":[],"class_list":{"0":"post-10911","1":"product","2":"type-product","3":"status-publish","4":"has-post-thumbnail","6":"collection-aksesore-te-brendshem-per-makine","7":"series-c-class","8":"product_cat-interior-aksesore-te-brendshem","9":"product_cat-koka-marshi","10":"product_brand-aksesore-makinash-mercedes-benz","12":"first","13":"instock","14":"shipping-taxable","15":"purchasable","16":"product-type-simple","17":"col-xs-6 col-sm-4","18":"col-md-3 col-lg-3","19":"un-4-cols"},"acf":[],"jetpack_sharing_enabled":true,"_links":{"self":[{"href":"https:\/\/autoaksesore.al\/wp-json\/wp\/v2\/product\/10911","targetHints":{"allow":["GET"]}}],"collection":[{"href":"https:\/\/autoaksesore.al\/wp-json\/wp\/v2\/product"}],"about":[{"href":"https:\/\/autoaksesore.al\/wp-json\/wp\/v2\/types\/product"}],"replies":[{"embeddable":true,"href":"https:\/\/autoaksesore.al\/wp-json\/wp\/v2\/comments?post=10911"}],"version-history":[{"count":3,"href":"https:\/\/autoaksesore.al\/wp-json\/wp\/v2\/product\/10911\/revisions"}],"predecessor-version":[{"id":10916,"href":"https:\/\/autoaksesore.al\/wp-json\/wp\/v2\/product\/10911\/revisions\/10916"}],"wp:featuredmedia":[{"embeddable":true,"href":"https:\/\/autoaksesore.al\/wp-json\/wp\/v2\/media\/10912"}],"wp:attachment":[{"href":"https:\/\/autoaksesore.al\/wp-json\/wp\/v2\/media?parent=10911"}],"wp:term":[{"taxonomy":"collection","embeddable":true,"href":"https:\/\/autoaksesore.al\/wp-json\/wp\/v2\/collection?post=10911"},{"taxonomy":"model","embeddable":true,"href":"https:\/\/autoaksesore.al\/wp-json\/wp\/v2\/model?post=10911"},{"taxonomy":"series","embeddable":true,"href":"https:\/\/autoaksesore.al\/wp-json\/wp\/v2\/series?post=10911"},{"taxonomy":"product_cat","embeddable":true,"href":"https:\/\/autoaksesore.al\/wp-json\/wp\/v2\/product_cat?post=10911"},{"taxonomy":"product_tag","embeddable":true,"href":"https:\/\/autoaksesore.al\/wp-json\/wp\/v2\/product_tag?post=10911"}],"curies":[{"name":"wp","href":"https:\/\/api.w.org\/{rel}","templated":true}]}}