{"id":10098,"date":"2025-08-31T17:39:33","date_gmt":"2025-08-31T17:39:33","guid":{"rendered":"https:\/\/darkslategray-wombat-436701.hostingersite.com\/?post_type=product&#038;p=10098"},"modified":"2025-08-31T17:39:34","modified_gmt":"2025-08-31T17:39:34","slug":"doreza-timoni","status":"publish","type":"product","link":"https:\/\/autoaksesore.al\/product\/doreza-timoni\/","title":{"rendered":"Doreza Timoni"},"content":{"rendered":"<p data-start=\"76\" data-end=\"144\"><strong data-start=\"76\" data-end=\"142\">Doreza Timoni n\u00eb Dy Pjes\u00eb \u2013 Mbrojtje dhe Stil p\u00ebr \u00c7do Automjet<\/strong><\/p>\n<p data-start=\"146\" data-end=\"507\">Dorezat e timonit jan\u00eb nj\u00eb nga aksesor\u00ebt m\u00eb praktik\u00eb dhe t\u00eb domosdosh\u00ebm p\u00ebr \u00e7do drejtues mjeti. Ky model doreze vjen n\u00eb <strong data-start=\"266\" data-end=\"278\">dy pjes\u00eb<\/strong> dhe \u00ebsht\u00eb i punuar nga material cil\u00ebsor meshine, duke ofruar q\u00ebndrueshm\u00ebri dhe rehati maksimale gjat\u00eb p\u00ebrdorimit. Instalimi \u00ebsht\u00eb i thjesht\u00eb dhe i shpejt\u00eb, i p\u00ebrshtatsh\u00ebm p\u00ebr \u00e7do model makine, pa pasur nevoj\u00eb p\u00ebr mjete shtes\u00eb.<\/p>\n<p data-start=\"509\" data-end=\"880\">P\u00ebrve\u00e7 funksionalitetit praktik, dorezat e timonit sh\u00ebrbejn\u00eb edhe si mbrojtje e shtuar p\u00ebr timonin tuaj, duke e ruajtur at\u00eb nga konsumimi i p\u00ebrditsh\u00ebm, g\u00ebrvishtjet apo d\u00ebmtimet nga dielli. Nj\u00eb tjet\u00ebr avantazh i r\u00ebnd\u00ebsish\u00ebm \u00ebsht\u00eb parandalimi i rr\u00ebshqitjes s\u00eb duarve, duke siguruar nj\u00eb kapje m\u00eb t\u00eb fort\u00eb dhe m\u00eb t\u00eb sigurt gjat\u00eb drejtimit, ve\u00e7an\u00ebrisht n\u00eb udh\u00ebtime t\u00eb gjata.<\/p>\n<p data-start=\"882\" data-end=\"1162\">Me dizajnin e tyre sportiv, k\u00ebto doreza i japin makin\u00ebs nj\u00eb pamje m\u00eb moderne dhe dinamike, duke kombinuar estetik\u00ebn me funksionalitetin. T\u00eb disponueshme p\u00ebr \u00e7do lloj automjeti, ato jan\u00eb zgjedhja ideale p\u00ebr shofer\u00ebt q\u00eb k\u00ebrkojn\u00eb <strong data-start=\"1109\" data-end=\"1137\">komfort, siguri dhe stil<\/strong> n\u00eb t\u00eb nj\u00ebjtin produkt.<\/p>\n","protected":false},"excerpt":{"rendered":"<p>Doreza Timoni n\u00eb Dy Pjes\u00eb \u2013 Mbrojtje dhe Stil p\u00ebr \u00c7do Automjet Dorezat e timonit jan\u00eb nj\u00eb nga aksesor\u00ebt m\u00eb praktik\u00eb dhe t\u00eb domosdosh\u00ebm p\u00ebr \u00e7do drejtues mjeti. Ky model doreze vjen n\u00eb dy pjes\u00eb dhe \u00ebsht\u00eb i punuar nga material cil\u00ebsor meshine, duke ofruar q\u00ebndrueshm\u00ebri dhe rehati maksimale gjat\u00eb p\u00ebrdorimit. Instalimi \u00ebsht\u00eb i thjesht\u00eb&hellip;<\/p>\n","protected":false},"featured_media":10099,"comment_status":"open","ping_status":"closed","template":"","meta":{"_acf_changed":false},"collection":[516],"model":[],"series":[2343,2079,2083,2087,2338,3909,3900,3899,3890,1969,1973,1976,1983,1987],"product_cat":[206,3784,207],"product_tag":[],"class_list":{"0":"post-10098","1":"product","2":"type-product","3":"status-publish","4":"has-post-thumbnail","6":"collection-aksesore-te-brendshem-per-makine","7":"series-audi-a3","8":"series-audi-a4","9":"series-audi-a5","10":"series-audi-a6","11":"series-audi-a7","12":"series-golf-4","13":"series-golf-5","14":"series-golf-6","15":"series-golf-7","16":"series-seria-1","17":"series-seria-2","18":"series-seria-3","19":"series-seria-4","20":"series-seria-5","21":"product_cat-interior-aksesore-te-brendshem","22":"product_cat-aksesore-universal","23":"product_cat-veshje-timoni","24":"product_brand-aksesor-makinash-per-volkswagen","25":"product_brand-aksesor-makinash-per-citroen","26":"product_brand-aksesor-makinash-fiat","27":"product_brand-aksesor-makinash-ford","28":"product_brand-aksesor-makinash-honda","29":"product_brand-aksesore-makinash-mercedes-benz","30":"product_brand-aksesor-makinash-per-mini-cooper","31":"product_brand-aksesor-makinash-per-nissan","32":"product_brand-aksesor-makinash-per-opel","33":"product_brand-aksesor-makinash-per-peugeot","34":"product_brand-aksesor-makinash-per-renault","35":"product_brand-aksesor-makinash-per-seat","36":"product_brand-aksesor-makinash-per-skoda","37":"product_brand-aksesor-makinash-per-smart","38":"product_brand-aksesor-makinash-per-suzuki","39":"product_brand-aksesor-makinash-per-toyota","41":"first","42":"instock","43":"shipping-taxable","44":"purchasable","45":"product-type-simple","46":"col-xs-6 col-sm-4","47":"col-md-3 col-lg-3","48":"un-4-cols"},"acf":[],"jetpack_sharing_enabled":true,"_links":{"self":[{"href":"https:\/\/autoaksesore.al\/wp-json\/wp\/v2\/product\/10098","targetHints":{"allow":["GET"]}}],"collection":[{"href":"https:\/\/autoaksesore.al\/wp-json\/wp\/v2\/product"}],"about":[{"href":"https:\/\/autoaksesore.al\/wp-json\/wp\/v2\/types\/product"}],"replies":[{"embeddable":true,"href":"https:\/\/autoaksesore.al\/wp-json\/wp\/v2\/comments?post=10098"}],"version-history":[{"count":1,"href":"https:\/\/autoaksesore.al\/wp-json\/wp\/v2\/product\/10098\/revisions"}],"predecessor-version":[{"id":10101,"href":"https:\/\/autoaksesore.al\/wp-json\/wp\/v2\/product\/10098\/revisions\/10101"}],"wp:featuredmedia":[{"embeddable":true,"href":"https:\/\/autoaksesore.al\/wp-json\/wp\/v2\/media\/10099"}],"wp:attachment":[{"href":"https:\/\/autoaksesore.al\/wp-json\/wp\/v2\/media?parent=10098"}],"wp:term":[{"taxonomy":"collection","embeddable":true,"href":"https:\/\/autoaksesore.al\/wp-json\/wp\/v2\/collection?post=10098"},{"taxonomy":"model","embeddable":true,"href":"https:\/\/autoaksesore.al\/wp-json\/wp\/v2\/model?post=10098"},{"taxonomy":"series","embeddable":true,"href":"https:\/\/autoaksesore.al\/wp-json\/wp\/v2\/series?post=10098"},{"taxonomy":"product_cat","embeddable":true,"href":"https:\/\/autoaksesore.al\/wp-json\/wp\/v2\/product_cat?post=10098"},{"taxonomy":"product_tag","embeddable":true,"href":"https:\/\/autoaksesore.al\/wp-json\/wp\/v2\/product_tag?post=10098"}],"curies":[{"name":"wp","href":"https:\/\/api.w.org\/{rel}","templated":true}]}}