{"id":10054,"date":"2025-08-25T12:04:08","date_gmt":"2025-08-25T12:04:08","guid":{"rendered":"https:\/\/darkslategray-wombat-436701.hostingersite.com\/?post_type=product&#038;p=10054"},"modified":"2025-08-25T12:06:33","modified_gmt":"2025-08-25T12:06:33","slug":"pedale-inoksi-mercedes-benz-gle","status":"publish","type":"product","link":"https:\/\/autoaksesore.al\/product\/pedale-inoksi-mercedes-benz-gle\/","title":{"rendered":"Pedale inoksi Mercedes-Benz GLE"},"content":{"rendered":"<p data-start=\"100\" data-end=\"145\"><strong data-start=\"100\" data-end=\"143\">Pedale Inoksi p\u00ebr Mercedes-Benz GLE<\/strong><\/p>\n<p data-start=\"147\" data-end=\"495\">Personalizoni brend\u00ebsin\u00eb e makin\u00ebs tuaj me setin premium t\u00eb <strong data-start=\"207\" data-end=\"252\">pedaleve inoksi p\u00ebr Mercedes-Benz GLE<\/strong>, t\u00eb dizajnuara p\u00ebr t\u00eb kombinuar luksin, sigurin\u00eb dhe funksionalitetin. Ky set p\u00ebrfshin <strong data-start=\"340\" data-end=\"403\">pedalen e gazit dhe pedalen e fren\u00ebs<\/strong>, duke ofruar nj\u00eb p\u00ebrmir\u00ebsim estetik dhe praktik p\u00ebr \u00e7do shofer q\u00eb k\u00ebrkon cil\u00ebsi dhe stil.<\/p>\n<p data-start=\"497\" data-end=\"904\">T\u00eb prodhuara nga<strong data-start=\"514\" data-end=\"538\">\u00a0inox rezistent<\/strong> dhe t\u00eb pajisura me <strong data-start=\"558\" data-end=\"593\">shtresa gome kund\u00ebr rr\u00ebshqitjes<\/strong>, pedalet sigurojn\u00eb q\u00ebndrueshm\u00ebri afatgjat\u00eb dhe kontroll maksimal gjat\u00eb drejtimit. Kjo i b\u00ebn ideale p\u00ebr p\u00ebrdorim t\u00eb p\u00ebrditsh\u00ebm, duke garantuar rehati dhe siguri edhe n\u00eb kushte m\u00eb t\u00eb v\u00ebshtira. Dizajni sportiv dhe modern i jep makin\u00ebs nj\u00eb pamje dinamike, duke reflektuar identitetin e fuqish\u00ebm t\u00eb Mercedes-Benz.<\/p>\n<p data-start=\"906\" data-end=\"1181\">Montimi \u00ebsht\u00eb i thjesht\u00eb, pa nevoj\u00eb p\u00ebr modifikime shtes\u00eb, gj\u00eb q\u00eb ju lejon t\u00eb p\u00ebrmir\u00ebsoni shpejt dhe leht\u00eb kabin\u00ebn e makin\u00ebs tuaj. P\u00ebrve\u00e7 pamjes elegante, pedalet ndihmojn\u00eb n\u00eb drejtimin e sigurt fal\u00eb sip\u00ebrfaqes s\u00eb tyre antirr\u00ebshqit\u00ebse, duke shtuar komoditet n\u00eb \u00e7do udh\u00ebtim.<\/p>\n","protected":false},"excerpt":{"rendered":"<p>Pedale Inoksi p\u00ebr Mercedes-Benz GLE Personalizoni brend\u00ebsin\u00eb e makin\u00ebs tuaj me setin premium t\u00eb pedaleve inoksi p\u00ebr Mercedes-Benz GLE, t\u00eb dizajnuara p\u00ebr t\u00eb kombinuar luksin, sigurin\u00eb dhe funksionalitetin. Ky set p\u00ebrfshin pedalen e gazit dhe pedalen e fren\u00ebs, duke ofruar nj\u00eb p\u00ebrmir\u00ebsim estetik dhe praktik p\u00ebr \u00e7do shofer q\u00eb k\u00ebrkon cil\u00ebsi dhe stil. T\u00eb prodhuara&hellip;<\/p>\n","protected":false},"featured_media":10056,"comment_status":"open","ping_status":"closed","template":"","meta":{"_acf_changed":false},"collection":[516],"model":[2386,2030,2387],"series":[2385],"product_cat":[206,391],"product_tag":[],"class_list":{"0":"post-10054","1":"product","2":"type-product","3":"status-publish","4":"has-post-thumbnail","6":"collection-aksesore-te-brendshem-per-makine","7":"model-gle350","8":"model-gle350-w166","9":"model-gle450","10":"series-gle-class","11":"product_cat-interior-aksesore-te-brendshem","12":"product_cat-pedale","13":"product_brand-aksesore-makinash-mercedes-benz","15":"first","16":"instock","17":"shipping-taxable","18":"purchasable","19":"product-type-simple","20":"col-xs-6 col-sm-4","21":"col-md-3 col-lg-3","22":"un-4-cols"},"acf":[],"jetpack_sharing_enabled":true,"_links":{"self":[{"href":"https:\/\/autoaksesore.al\/wp-json\/wp\/v2\/product\/10054","targetHints":{"allow":["GET"]}}],"collection":[{"href":"https:\/\/autoaksesore.al\/wp-json\/wp\/v2\/product"}],"about":[{"href":"https:\/\/autoaksesore.al\/wp-json\/wp\/v2\/types\/product"}],"replies":[{"embeddable":true,"href":"https:\/\/autoaksesore.al\/wp-json\/wp\/v2\/comments?post=10054"}],"version-history":[{"count":1,"href":"https:\/\/autoaksesore.al\/wp-json\/wp\/v2\/product\/10054\/revisions"}],"predecessor-version":[{"id":10055,"href":"https:\/\/autoaksesore.al\/wp-json\/wp\/v2\/product\/10054\/revisions\/10055"}],"wp:featuredmedia":[{"embeddable":true,"href":"https:\/\/autoaksesore.al\/wp-json\/wp\/v2\/media\/10056"}],"wp:attachment":[{"href":"https:\/\/autoaksesore.al\/wp-json\/wp\/v2\/media?parent=10054"}],"wp:term":[{"taxonomy":"collection","embeddable":true,"href":"https:\/\/autoaksesore.al\/wp-json\/wp\/v2\/collection?post=10054"},{"taxonomy":"model","embeddable":true,"href":"https:\/\/autoaksesore.al\/wp-json\/wp\/v2\/model?post=10054"},{"taxonomy":"series","embeddable":true,"href":"https:\/\/autoaksesore.al\/wp-json\/wp\/v2\/series?post=10054"},{"taxonomy":"product_cat","embeddable":true,"href":"https:\/\/autoaksesore.al\/wp-json\/wp\/v2\/product_cat?post=10054"},{"taxonomy":"product_tag","embeddable":true,"href":"https:\/\/autoaksesore.al\/wp-json\/wp\/v2\/product_tag?post=10054"}],"curies":[{"name":"wp","href":"https:\/\/api.w.org\/{rel}","templated":true}]}}